{"id":14,"date":"2015-07-06T11:22:58","date_gmt":"2015-07-06T11:22:58","guid":{"rendered":"http:\/\/juanjosefernandez.es\/?page_id=14"},"modified":"2018-01-25T09:15:57","modified_gmt":"2018-01-25T09:15:57","slug":"contacto","status":"publish","type":"page","link":"https:\/\/juanjosefernandez.es\/pt\/contacto\/","title":{"rendered":"Contacto"},"content":{"rendered":"<div class=\"wpb-content-wrapper\"><p>[vc_row][vc_column width=&#8221;1\/4&#8243;][vc_column_text]<\/p>\n<h3>Juan Jos\u00e9 Fern\u00e1ndez<\/h3>\n<p>paisajista | landscaper<br \/>\n<a href=\"mailto:hola@juanjosefernandez.es\">hola@juanjosefernandez.es<\/a><br \/>\nTlf: 650 252 685[\/vc_column_text][vc_column_text]<\/p>\n<h3>Huelva<\/h3>\n<p>C\/Cardenal Cisneros\u00a0 1, 1<br \/>\n21003<br \/>\nHuelva[\/vc_column_text][\/vc_column][vc_column width=&#8221;3\/4&#8243; css=&#8221;.vc_custom_1436257640601{padding-bottom: 10px !important;}&#8221;][lab_google_map zoom=&#8221;17&#8243; map_options=&#8221;scroll-zoom,drop-pins&#8221;][lab_google_map_location latitude=&#8221;37.255810&#8243; longitude=&#8221;-6.949744&#8243; marker_title=&#8221;Juan Jos\u00e9 Fern\u00e1ndez&#8221; marker_description=&#8221;paisajista | landscaper&#8221;][\/lab_google_map][vc_separator color=&#8221;turquoise&#8221;][lab_contact_form name_title=&#8221;Nombre:&#8221; message_title=&#8221;Mensaje:&#8221; show_subject_field=&#8221;&#8221; submit_title=&#8221;Enviar Mensaje&#8221; submit_success=&#8221;Gracias #, Mensaje enviado!&#8221; alert_errors=&#8221;&#8221; email_receiver=&#8221;hola@juanjosefernandez.es&#8221;][\/vc_column][\/vc_row]<\/p>\n<\/div>","protected":false},"excerpt":{"rendered":"<p>[vc_row][vc_column width=&#8221;1\/4&#8243;][vc_column_text] Juan Jos\u00e9 Fern\u00e1ndez paisajista | landscaper hola@juanjosefernandez.es Tlf: 650 252 685[\/vc_column_text][vc_column_text] Huelva C\/Cardenal Cisneros\u00a0 1, 1 21003 Huelva[\/vc_column_text][\/vc_column][vc_column width=&#8221;3\/4&#8243; css=&#8221;.vc_custom_1436257640601{padding-bottom: 10px !important;}&#8221;][lab_google_map zoom=&#8221;17&#8243; map_options=&#8221;scroll-zoom,drop-pins&#8221;][lab_google_map_location latitude=&#8221;37.255810&#8243; longitude=&#8221;-6.949744&#8243; marker_title=&#8221;Juan Jos\u00e9 Fern\u00e1ndez&#8221; marker_description=&#8221;paisajista | landscaper&#8221;][\/lab_google_map][vc_separator color=&#8221;turquoise&#8221;][lab_contact_form name_title=&#8221;Nombre:&#8221; message_title=&#8221;Mensaje:&#8221; show_subject_field=&#8221;&#8221; submit_title=&#8221;Enviar Mensaje&#8221; submit_success=&#8221;Gracias #, Mensaje enviado!&#8221; alert_errors=&#8221;&#8221; email_receiver=&#8221;hola@juanjosefernandez.es&#8221;][\/vc_column][\/vc_row]<\/p>\n","protected":false},"author":1,"featured_media":0,"parent":0,"menu_order":0,"comment_status":"closed","ping_status":"closed","template":"","meta":{"_acf_changed":false,"inline_featured_image":false,"footnotes":""},"class_list":["post-14","page","type-page","status-publish","hentry"],"acf":[],"yoast_head":"<!-- This site is optimized with the Yoast SEO plugin v24.9 - https:\/\/yoast.com\/wordpress\/plugins\/seo\/ -->\n<title>Contacto - Juan Jos\u00e9 Fern\u00e1ndez - Jardiner\u00eda - Paisajismo - Huelva<\/title>\n<meta name=\"description\" content=\"Contacto - Juan Jos\u00e9 Fern\u00e1ndez - Servicios de paisajismo y jardiner\u00eda profesional en Huelva. Paisajismo - Jardiner\u00eda - Mantenimiento - Asesoramiento\" \/>\n<meta name=\"robots\" content=\"index, follow, max-snippet:-1, max-image-preview:large, max-video-preview:-1\" \/>\n<link rel=\"canonical\" href=\"https:\/\/juanjosefernandez.es\/pt\/contacto\/\" \/>\n<meta property=\"og:locale\" content=\"pt_PT\" \/>\n<meta property=\"og:type\" content=\"article\" \/>\n<meta property=\"og:title\" content=\"Contacto - Juan Jos\u00e9 Fern\u00e1ndez - Jardiner\u00eda - Paisajismo - Huelva\" \/>\n<meta property=\"og:description\" content=\"Contacto - Juan Jos\u00e9 Fern\u00e1ndez - Servicios de paisajismo y jardiner\u00eda profesional en Huelva. Paisajismo - Jardiner\u00eda - Mantenimiento - Asesoramiento\" \/>\n<meta property=\"og:url\" content=\"https:\/\/juanjosefernandez.es\/pt\/contacto\/\" \/>\n<meta property=\"og:site_name\" content=\"juanjosefernandez\" \/>\n<meta property=\"article:modified_time\" content=\"2018-01-25T09:15:57+00:00\" \/>\n<meta name=\"twitter:card\" content=\"summary_large_image\" \/>\n<meta name=\"twitter:label1\" content=\"Tempo estimado de leitura\" \/>\n\t<meta name=\"twitter:data1\" content=\"2 minutos\" \/>\n<script type=\"application\/ld+json\" class=\"yoast-schema-graph\">{\"@context\":\"https:\/\/schema.org\",\"@graph\":[{\"@type\":\"WebPage\",\"@id\":\"https:\/\/juanjosefernandez.es\/pt\/contacto\/\",\"url\":\"https:\/\/juanjosefernandez.es\/pt\/contacto\/\",\"name\":\"Contacto - Juan Jos\u00e9 Fern\u00e1ndez - Jardiner\u00eda - Paisajismo - Huelva\",\"isPartOf\":{\"@id\":\"https:\/\/juanjosefernandez.es\/pt\/#website\"},\"datePublished\":\"2015-07-06T11:22:58+00:00\",\"dateModified\":\"2018-01-25T09:15:57+00:00\",\"description\":\"Contacto - Juan Jos\u00e9 Fern\u00e1ndez - Servicios de paisajismo y jardiner\u00eda profesional en Huelva. Paisajismo - Jardiner\u00eda - Mantenimiento - Asesoramiento\",\"breadcrumb\":{\"@id\":\"https:\/\/juanjosefernandez.es\/pt\/contacto\/#breadcrumb\"},\"inLanguage\":\"pt-PT\",\"potentialAction\":[{\"@type\":\"ReadAction\",\"target\":[[\"https:\/\/juanjosefernandez.es\/pt\/contacto\/\"]]}]},{\"@type\":\"BreadcrumbList\",\"@id\":\"https:\/\/juanjosefernandez.es\/pt\/contacto\/#breadcrumb\",\"itemListElement\":[{\"@type\":\"ListItem\",\"position\":1,\"name\":\"Portada\",\"item\":\"https:\/\/juanjosefernandez.es\/pt\/\"},{\"@type\":\"ListItem\",\"position\":2,\"name\":\"Contacto\"}]},{\"@type\":\"WebSite\",\"@id\":\"https:\/\/juanjosefernandez.es\/pt\/#website\",\"url\":\"https:\/\/juanjosefernandez.es\/pt\/\",\"name\":\"juanjosefernandez\",\"description\":\"paisajista | landscaper\",\"publisher\":{\"@id\":\"https:\/\/juanjosefernandez.es\/pt\/#\/schema\/person\/48b0547b9beac3e217ece751a4575600\"},\"potentialAction\":[{\"@type\":\"SearchAction\",\"target\":{\"@type\":\"EntryPoint\",\"urlTemplate\":\"https:\/\/juanjosefernandez.es\/pt\/?s={search_term_string}\"},\"query-input\":{\"@type\":\"PropertyValueSpecification\",\"valueRequired\":true,\"valueName\":\"search_term_string\"}}],\"inLanguage\":\"pt-PT\"},{\"@type\":[\"Person\",\"Organization\"],\"@id\":\"https:\/\/juanjosefernandez.es\/pt\/#\/schema\/person\/48b0547b9beac3e217ece751a4575600\",\"name\":\"juanjosefernandez\",\"image\":{\"@type\":\"ImageObject\",\"inLanguage\":\"pt-PT\",\"@id\":\"https:\/\/juanjosefernandez.es\/pt\/#\/schema\/person\/image\/\",\"url\":\"https:\/\/juanjosefernandez.es\/wp-content\/uploads\/2015\/07\/jj-simbolo2.png\",\"contentUrl\":\"https:\/\/juanjosefernandez.es\/wp-content\/uploads\/2015\/07\/jj-simbolo2.png\",\"width\":198,\"height\":198,\"caption\":\"juanjosefernandez\"},\"logo\":{\"@id\":\"https:\/\/juanjosefernandez.es\/pt\/#\/schema\/person\/image\/\"}}]}<\/script>\n<!-- \/ Yoast SEO plugin. -->","yoast_head_json":{"title":"Contacto - Juan Jos\u00e9 Fern\u00e1ndez - Jardiner\u00eda - Paisajismo - Huelva","description":"Contacto - Juan Jos\u00e9 Fern\u00e1ndez - Servicios de paisajismo y jardiner\u00eda profesional en Huelva. Paisajismo - Jardiner\u00eda - Mantenimiento - Asesoramiento","robots":{"index":"index","follow":"follow","max-snippet":"max-snippet:-1","max-image-preview":"max-image-preview:large","max-video-preview":"max-video-preview:-1"},"canonical":"https:\/\/juanjosefernandez.es\/pt\/contacto\/","og_locale":"pt_PT","og_type":"article","og_title":"Contacto - Juan Jos\u00e9 Fern\u00e1ndez - Jardiner\u00eda - Paisajismo - Huelva","og_description":"Contacto - Juan Jos\u00e9 Fern\u00e1ndez - Servicios de paisajismo y jardiner\u00eda profesional en Huelva. Paisajismo - Jardiner\u00eda - Mantenimiento - Asesoramiento","og_url":"https:\/\/juanjosefernandez.es\/pt\/contacto\/","og_site_name":"juanjosefernandez","article_modified_time":"2018-01-25T09:15:57+00:00","twitter_card":"summary_large_image","twitter_misc":{"Tempo estimado de leitura":"2 minutos"},"schema":{"@context":"https:\/\/schema.org","@graph":[{"@type":"WebPage","@id":"https:\/\/juanjosefernandez.es\/pt\/contacto\/","url":"https:\/\/juanjosefernandez.es\/pt\/contacto\/","name":"Contacto - Juan Jos\u00e9 Fern\u00e1ndez - Jardiner\u00eda - Paisajismo - Huelva","isPartOf":{"@id":"https:\/\/juanjosefernandez.es\/pt\/#website"},"datePublished":"2015-07-06T11:22:58+00:00","dateModified":"2018-01-25T09:15:57+00:00","description":"Contacto - Juan Jos\u00e9 Fern\u00e1ndez - Servicios de paisajismo y jardiner\u00eda profesional en Huelva. Paisajismo - Jardiner\u00eda - Mantenimiento - Asesoramiento","breadcrumb":{"@id":"https:\/\/juanjosefernandez.es\/pt\/contacto\/#breadcrumb"},"inLanguage":"pt-PT","potentialAction":[{"@type":"ReadAction","target":[["https:\/\/juanjosefernandez.es\/pt\/contacto\/"]]}]},{"@type":"BreadcrumbList","@id":"https:\/\/juanjosefernandez.es\/pt\/contacto\/#breadcrumb","itemListElement":[{"@type":"ListItem","position":1,"name":"Portada","item":"https:\/\/juanjosefernandez.es\/pt\/"},{"@type":"ListItem","position":2,"name":"Contacto"}]},{"@type":"WebSite","@id":"https:\/\/juanjosefernandez.es\/pt\/#website","url":"https:\/\/juanjosefernandez.es\/pt\/","name":"juanjosefernandez","description":"paisajista | landscaper","publisher":{"@id":"https:\/\/juanjosefernandez.es\/pt\/#\/schema\/person\/48b0547b9beac3e217ece751a4575600"},"potentialAction":[{"@type":"SearchAction","target":{"@type":"EntryPoint","urlTemplate":"https:\/\/juanjosefernandez.es\/pt\/?s={search_term_string}"},"query-input":{"@type":"PropertyValueSpecification","valueRequired":true,"valueName":"search_term_string"}}],"inLanguage":"pt-PT"},{"@type":["Person","Organization"],"@id":"https:\/\/juanjosefernandez.es\/pt\/#\/schema\/person\/48b0547b9beac3e217ece751a4575600","name":"juanjosefernandez","image":{"@type":"ImageObject","inLanguage":"pt-PT","@id":"https:\/\/juanjosefernandez.es\/pt\/#\/schema\/person\/image\/","url":"https:\/\/juanjosefernandez.es\/wp-content\/uploads\/2015\/07\/jj-simbolo2.png","contentUrl":"https:\/\/juanjosefernandez.es\/wp-content\/uploads\/2015\/07\/jj-simbolo2.png","width":198,"height":198,"caption":"juanjosefernandez"},"logo":{"@id":"https:\/\/juanjosefernandez.es\/pt\/#\/schema\/person\/image\/"}}]}},"_links":{"self":[{"href":"https:\/\/juanjosefernandez.es\/pt\/wp-json\/wp\/v2\/pages\/14"}],"collection":[{"href":"https:\/\/juanjosefernandez.es\/pt\/wp-json\/wp\/v2\/pages"}],"about":[{"href":"https:\/\/juanjosefernandez.es\/pt\/wp-json\/wp\/v2\/types\/page"}],"author":[{"embeddable":true,"href":"https:\/\/juanjosefernandez.es\/pt\/wp-json\/wp\/v2\/users\/1"}],"replies":[{"embeddable":true,"href":"https:\/\/juanjosefernandez.es\/pt\/wp-json\/wp\/v2\/comments?post=14"}],"version-history":[{"count":19,"href":"https:\/\/juanjosefernandez.es\/pt\/wp-json\/wp\/v2\/pages\/14\/revisions"}],"predecessor-version":[{"id":1166,"href":"https:\/\/juanjosefernandez.es\/pt\/wp-json\/wp\/v2\/pages\/14\/revisions\/1166"}],"wp:attachment":[{"href":"https:\/\/juanjosefernandez.es\/pt\/wp-json\/wp\/v2\/media?parent=14"}],"curies":[{"name":"wp","href":"https:\/\/api.w.org\/{rel}","templated":true}]}}