{"id":10,"date":"2015-07-06T11:21:03","date_gmt":"2015-07-06T11:21:03","guid":{"rendered":"http:\/\/juanjosefernandez.es\/?page_id=10"},"modified":"2016-01-12T11:42:09","modified_gmt":"2016-01-12T11:42:09","slug":"servicios","status":"publish","type":"page","link":"https:\/\/juanjosefernandez.es\/pt\/servicios\/","title":{"rendered":"Servicios"},"content":{"rendered":"<div class=\"wpb-content-wrapper\"><p>[vc_row][vc_column][lab_heading title=&#8221;SERVICIOS&#8221;][\/lab_heading][\/vc_column][\/vc_row][vc_row][vc_column width=&#8221;1\/2&#8243;][vc_single_image image=&#8221;915&#8243; img_size=&#8221;540&#215;392&#8243; onclick=&#8221;link_image&#8221;][\/vc_column][vc_column width=&#8221;1\/2&#8243;][lab_service_box][vc_icon icon_linea=&#8221;icon-basic-picture&#8221; css=&#8221;.vc_custom_1448562868135{margin-top: 0px !important;margin-bottom: 0px !important;}&#8221;][lab_service_box_content description=&#8221;El Paisajismo es quiz\u00e1s, una de las profesiones m\u00e1s desconocidas. No es m\u00e1s que el estudio, planificaci\u00f3n y ejecuci\u00f3n de mejoras en el Medio, tanto a escala p\u00fablica, con el desarrollo de nuevas zonas o la rehabilitaci\u00f3n de espacios degradados; como a escala privada, con la construcci\u00f3n o reforma de jardines particulares.<\/p>\n<p>El Jardinero- Paisajista debe ser polifac\u00e9tico y manejar el espacio tanto a nivel t\u00e9cnico como art\u00edstico; a parte de poseer un profundo conocimiento de las especies vegetales y de todas las labores culturales a llevar a cabo para que se desarrollen en las mejores condiciones.<\/p>\n<p>Pero el desarrollo de esta actividad es tambi\u00e9n un Arte, y es ah\u00ed d\u00f3nde se diferencia la impronta que cada Paisajista le da a un Jard\u00edn. A lo largo de la historia los jardines han ido evolucionando, marcando estilos muy diferentes. Hoy d\u00eda, el Jardinero &#8211; Paisajista recupera este bagaje y junto con la gran evoluci\u00f3n que han sufrido los materiales y tecnolog\u00edas, es capaz de construir espacios hasta ahora inimaginables.&#8221; title=&#8221;PAISAJISMO&#8221;][\/lab_service_box][\/vc_column][\/vc_row][vc_row][vc_column width=&#8221;1\/2&#8243;][lab_service_box][vc_icon icon_linea=&#8221;icon-basic-pencil-ruler&#8221; css=&#8221;.vc_custom_1448562943329{margin-top: 0px !important;margin-bottom: 0px !important;}&#8221;][lab_service_box_content title=&#8221;DISE\u00d1O Y CONSTRUCCI\u00d3N DE JARDINES&#8221; description=&#8221;Tras analizar las preferencias del cliente, se opta por un estilo que marque una l\u00ednea de actuaci\u00f3n. El dise\u00f1o abarca una primera proyecci\u00f3n del espacio hasta su zonificaci\u00f3n, definiendo zonas de paso, zonas de estancia, etc. Seguidamente, se definen las unidades a ejecutar tales como, movimientos de tierra, muros, caminos, plantaci\u00f3n de grandes ejemplares, piscina, fuente, p\u00e9rgola, pistas deportivas, solarium, y todo lo referente a dom\u00f3tica (puertas autom\u00e1ticas, iluminaci\u00f3n exterior, etc\u2026). Por \u00faltimo, se estudia la vegetaci\u00f3n a plantar, que vendr\u00e1 especificada por su conveniencia .<\/p>\n<p>Se entrega Proyecto de Paisajismo con memoria descriptiva de los trabajos a realizar, calidad de los materiales, medici\u00f3n de las unidades y presupuesto.<\/p>\n<p>Seguidamente se procede a la construcci\u00f3n de todos los elementos que componen los exteriores de la vivienda, siguiendo una ruta l\u00f3gica en tiempo y presupuesto.&#8221;][\/lab_service_box][\/vc_column][vc_column width=&#8221;1\/2&#8243;][vc_single_image image=&#8221;913&#8243; img_size=&#8221;560&#215;392&#8243;][\/vc_column][\/vc_row][vc_row][vc_column width=&#8221;1\/2&#8243;][vc_single_image image=&#8221;914&#8243; img_size=&#8221;560&#215;392&#8243;][\/vc_column][vc_column width=&#8221;1\/2&#8243;][lab_service_box][vc_icon icon_linea=&#8221;icon-basic-settings&#8221; css=&#8221;.vc_custom_1448562958942{margin-top: 0px !important;margin-bottom: 0px !important;}&#8221;][lab_service_box_content title=&#8221;MANTENIMIENTO DE JARDINES&#8221; description=&#8221;Realizado el Jard\u00edn, se entrega un Planing de Mantenimiento con todos los trabajos a realizar para su correcto desarrollo durante el a\u00f1o y se oferta al cliente esta posibilidad.<\/p>\n<p>\u00danicamente realizamos mantenimientos de Jardines que previamente hemos dise\u00f1ado y ejecutado en su totalidad o parcialmente.&#8221;][\/lab_service_box][\/vc_column][\/vc_row][vc_row][vc_column width=&#8221;1\/2&#8243;][lab_service_box][vc_icon icon_linea=&#8221;icon-basic-signs&#8221; css=&#8221;.vc_custom_1448562971862{margin-top: 0px !important;margin-bottom: 0px !important;}&#8221;][lab_service_box_content title=&#8221;SERVICIO DE ASESORAMIENTO&#8221; description=&#8221;Asesoramiento a organismos p\u00fablicos y privados en cuanto a mejoras y mantenimiento de las instalaciones existentes.&#8221;][\/lab_service_box][\/vc_column][vc_column width=&#8221;1\/2&#8243;][vc_single_image image=&#8221;912&#8243; img_size=&#8221;560&#215;392&#8243;][\/vc_column][\/vc_row]<\/p>\n<\/div>","protected":false},"excerpt":{"rendered":"<p>[vc_row][vc_column][lab_heading title=&#8221;SERVICIOS&#8221;][\/lab_heading][\/vc_column][\/vc_row][vc_row][vc_column width=&#8221;1\/2&#8243;][vc_single_image image=&#8221;915&#8243; img_size=&#8221;540&#215;392&#8243; onclick=&#8221;link_image&#8221;][\/vc_column][vc_column width=&#8221;1\/2&#8243;][lab_service_box][vc_icon icon_linea=&#8221;icon-basic-picture&#8221; css=&#8221;.vc_custom_1448562868135{margin-top: 0px !important;margin-bottom: 0px !important;}&#8221;][lab_service_box_content description=&#8221;El Paisajismo es quiz\u00e1s, una de las profesiones m\u00e1s desconocidas. No es m\u00e1s que el estudio, planificaci\u00f3n y ejecuci\u00f3n de mejoras en el Medio, tanto a escala p\u00fablica, con el desarrollo de nuevas zonas o la rehabilitaci\u00f3n de espacios degradados; como a&hellip;<\/p>\n","protected":false},"author":1,"featured_media":0,"parent":0,"menu_order":0,"comment_status":"closed","ping_status":"closed","template":"","meta":{"_acf_changed":false,"inline_featured_image":false,"footnotes":""},"class_list":["post-10","page","type-page","status-publish","hentry"],"acf":[],"yoast_head":"<!-- This site is optimized with the Yoast SEO plugin v24.9 - https:\/\/yoast.com\/wordpress\/plugins\/seo\/ -->\n<title>Servicios - Juan Jos\u00e9 Fernandez - Jardiner\u00eda - Paisajismo - Huelva<\/title>\n<meta name=\"description\" content=\"Servicios de paisajismo y jardiner\u00eda profesional en Huelva y Andaluc\u00eda. Juan Jos\u00e9 Fern\u00e1ndez. Paisajismo - Jardiner\u00eda - Mantenimiento - Asesoramiento\u00a0\" \/>\n<meta name=\"robots\" content=\"index, follow, max-snippet:-1, max-image-preview:large, max-video-preview:-1\" \/>\n<link rel=\"canonical\" href=\"https:\/\/juanjosefernandez.es\/pt\/servicios\/\" \/>\n<meta property=\"og:locale\" content=\"pt_PT\" \/>\n<meta property=\"og:type\" content=\"article\" \/>\n<meta property=\"og:title\" content=\"Servicios - Juan Jos\u00e9 Fernandez - Jardiner\u00eda - Paisajismo - Huelva\" \/>\n<meta property=\"og:description\" content=\"Servicios de paisajismo y jardiner\u00eda profesional en Huelva y Andaluc\u00eda. Juan Jos\u00e9 Fern\u00e1ndez. Paisajismo - Jardiner\u00eda - Mantenimiento - Asesoramiento\u00a0\" \/>\n<meta property=\"og:url\" content=\"https:\/\/juanjosefernandez.es\/pt\/servicios\/\" \/>\n<meta property=\"og:site_name\" content=\"juanjosefernandez\" \/>\n<meta property=\"article:modified_time\" content=\"2016-01-12T11:42:09+00:00\" \/>\n<meta name=\"twitter:card\" content=\"summary_large_image\" \/>\n<meta name=\"twitter:label1\" content=\"Tempo estimado de leitura\" \/>\n\t<meta name=\"twitter:data1\" content=\"13 minutos\" \/>\n<script type=\"application\/ld+json\" class=\"yoast-schema-graph\">{\"@context\":\"https:\/\/schema.org\",\"@graph\":[{\"@type\":\"WebPage\",\"@id\":\"https:\/\/juanjosefernandez.es\/pt\/servicios\/\",\"url\":\"https:\/\/juanjosefernandez.es\/pt\/servicios\/\",\"name\":\"Servicios - Juan Jos\u00e9 Fernandez - Jardiner\u00eda - Paisajismo - Huelva\",\"isPartOf\":{\"@id\":\"https:\/\/juanjosefernandez.es\/pt\/#website\"},\"datePublished\":\"2015-07-06T11:21:03+00:00\",\"dateModified\":\"2016-01-12T11:42:09+00:00\",\"description\":\"Servicios de paisajismo y jardiner\u00eda profesional en Huelva y Andaluc\u00eda. Juan Jos\u00e9 Fern\u00e1ndez. Paisajismo - Jardiner\u00eda - Mantenimiento - Asesoramiento\u00a0\",\"breadcrumb\":{\"@id\":\"https:\/\/juanjosefernandez.es\/pt\/servicios\/#breadcrumb\"},\"inLanguage\":\"pt-PT\",\"potentialAction\":[{\"@type\":\"ReadAction\",\"target\":[[\"https:\/\/juanjosefernandez.es\/pt\/servicios\/\"]]}]},{\"@type\":\"BreadcrumbList\",\"@id\":\"https:\/\/juanjosefernandez.es\/pt\/servicios\/#breadcrumb\",\"itemListElement\":[{\"@type\":\"ListItem\",\"position\":1,\"name\":\"Portada\",\"item\":\"https:\/\/juanjosefernandez.es\/pt\/\"},{\"@type\":\"ListItem\",\"position\":2,\"name\":\"Servicios\"}]},{\"@type\":\"WebSite\",\"@id\":\"https:\/\/juanjosefernandez.es\/pt\/#website\",\"url\":\"https:\/\/juanjosefernandez.es\/pt\/\",\"name\":\"juanjosefernandez\",\"description\":\"paisajista | landscaper\",\"publisher\":{\"@id\":\"https:\/\/juanjosefernandez.es\/pt\/#\/schema\/person\/48b0547b9beac3e217ece751a4575600\"},\"potentialAction\":[{\"@type\":\"SearchAction\",\"target\":{\"@type\":\"EntryPoint\",\"urlTemplate\":\"https:\/\/juanjosefernandez.es\/pt\/?s={search_term_string}\"},\"query-input\":{\"@type\":\"PropertyValueSpecification\",\"valueRequired\":true,\"valueName\":\"search_term_string\"}}],\"inLanguage\":\"pt-PT\"},{\"@type\":[\"Person\",\"Organization\"],\"@id\":\"https:\/\/juanjosefernandez.es\/pt\/#\/schema\/person\/48b0547b9beac3e217ece751a4575600\",\"name\":\"juanjosefernandez\",\"image\":{\"@type\":\"ImageObject\",\"inLanguage\":\"pt-PT\",\"@id\":\"https:\/\/juanjosefernandez.es\/pt\/#\/schema\/person\/image\/\",\"url\":\"https:\/\/juanjosefernandez.es\/wp-content\/uploads\/2015\/07\/jj-simbolo2.png\",\"contentUrl\":\"https:\/\/juanjosefernandez.es\/wp-content\/uploads\/2015\/07\/jj-simbolo2.png\",\"width\":198,\"height\":198,\"caption\":\"juanjosefernandez\"},\"logo\":{\"@id\":\"https:\/\/juanjosefernandez.es\/pt\/#\/schema\/person\/image\/\"}}]}<\/script>\n<!-- \/ Yoast SEO plugin. -->","yoast_head_json":{"title":"Servicios - Juan Jos\u00e9 Fernandez - Jardiner\u00eda - Paisajismo - Huelva","description":"Servicios de paisajismo y jardiner\u00eda profesional en Huelva y Andaluc\u00eda. Juan Jos\u00e9 Fern\u00e1ndez. Paisajismo - Jardiner\u00eda - Mantenimiento - Asesoramiento\u00a0","robots":{"index":"index","follow":"follow","max-snippet":"max-snippet:-1","max-image-preview":"max-image-preview:large","max-video-preview":"max-video-preview:-1"},"canonical":"https:\/\/juanjosefernandez.es\/pt\/servicios\/","og_locale":"pt_PT","og_type":"article","og_title":"Servicios - Juan Jos\u00e9 Fernandez - Jardiner\u00eda - Paisajismo - Huelva","og_description":"Servicios de paisajismo y jardiner\u00eda profesional en Huelva y Andaluc\u00eda. Juan Jos\u00e9 Fern\u00e1ndez. Paisajismo - Jardiner\u00eda - Mantenimiento - Asesoramiento\u00a0","og_url":"https:\/\/juanjosefernandez.es\/pt\/servicios\/","og_site_name":"juanjosefernandez","article_modified_time":"2016-01-12T11:42:09+00:00","twitter_card":"summary_large_image","twitter_misc":{"Tempo estimado de leitura":"13 minutos"},"schema":{"@context":"https:\/\/schema.org","@graph":[{"@type":"WebPage","@id":"https:\/\/juanjosefernandez.es\/pt\/servicios\/","url":"https:\/\/juanjosefernandez.es\/pt\/servicios\/","name":"Servicios - Juan Jos\u00e9 Fernandez - Jardiner\u00eda - Paisajismo - Huelva","isPartOf":{"@id":"https:\/\/juanjosefernandez.es\/pt\/#website"},"datePublished":"2015-07-06T11:21:03+00:00","dateModified":"2016-01-12T11:42:09+00:00","description":"Servicios de paisajismo y jardiner\u00eda profesional en Huelva y Andaluc\u00eda. Juan Jos\u00e9 Fern\u00e1ndez. Paisajismo - Jardiner\u00eda - Mantenimiento - Asesoramiento\u00a0","breadcrumb":{"@id":"https:\/\/juanjosefernandez.es\/pt\/servicios\/#breadcrumb"},"inLanguage":"pt-PT","potentialAction":[{"@type":"ReadAction","target":[["https:\/\/juanjosefernandez.es\/pt\/servicios\/"]]}]},{"@type":"BreadcrumbList","@id":"https:\/\/juanjosefernandez.es\/pt\/servicios\/#breadcrumb","itemListElement":[{"@type":"ListItem","position":1,"name":"Portada","item":"https:\/\/juanjosefernandez.es\/pt\/"},{"@type":"ListItem","position":2,"name":"Servicios"}]},{"@type":"WebSite","@id":"https:\/\/juanjosefernandez.es\/pt\/#website","url":"https:\/\/juanjosefernandez.es\/pt\/","name":"juanjosefernandez","description":"paisajista | landscaper","publisher":{"@id":"https:\/\/juanjosefernandez.es\/pt\/#\/schema\/person\/48b0547b9beac3e217ece751a4575600"},"potentialAction":[{"@type":"SearchAction","target":{"@type":"EntryPoint","urlTemplate":"https:\/\/juanjosefernandez.es\/pt\/?s={search_term_string}"},"query-input":{"@type":"PropertyValueSpecification","valueRequired":true,"valueName":"search_term_string"}}],"inLanguage":"pt-PT"},{"@type":["Person","Organization"],"@id":"https:\/\/juanjosefernandez.es\/pt\/#\/schema\/person\/48b0547b9beac3e217ece751a4575600","name":"juanjosefernandez","image":{"@type":"ImageObject","inLanguage":"pt-PT","@id":"https:\/\/juanjosefernandez.es\/pt\/#\/schema\/person\/image\/","url":"https:\/\/juanjosefernandez.es\/wp-content\/uploads\/2015\/07\/jj-simbolo2.png","contentUrl":"https:\/\/juanjosefernandez.es\/wp-content\/uploads\/2015\/07\/jj-simbolo2.png","width":198,"height":198,"caption":"juanjosefernandez"},"logo":{"@id":"https:\/\/juanjosefernandez.es\/pt\/#\/schema\/person\/image\/"}}]}},"_links":{"self":[{"href":"https:\/\/juanjosefernandez.es\/pt\/wp-json\/wp\/v2\/pages\/10"}],"collection":[{"href":"https:\/\/juanjosefernandez.es\/pt\/wp-json\/wp\/v2\/pages"}],"about":[{"href":"https:\/\/juanjosefernandez.es\/pt\/wp-json\/wp\/v2\/types\/page"}],"author":[{"embeddable":true,"href":"https:\/\/juanjosefernandez.es\/pt\/wp-json\/wp\/v2\/users\/1"}],"replies":[{"embeddable":true,"href":"https:\/\/juanjosefernandez.es\/pt\/wp-json\/wp\/v2\/comments?post=10"}],"version-history":[{"count":63,"href":"https:\/\/juanjosefernandez.es\/pt\/wp-json\/wp\/v2\/pages\/10\/revisions"}],"predecessor-version":[{"id":1125,"href":"https:\/\/juanjosefernandez.es\/pt\/wp-json\/wp\/v2\/pages\/10\/revisions\/1125"}],"wp:attachment":[{"href":"https:\/\/juanjosefernandez.es\/pt\/wp-json\/wp\/v2\/media?parent=10"}],"curies":[{"name":"wp","href":"https:\/\/api.w.org\/{rel}","templated":true}]}}