{"id":10,"date":"2015-07-06T11:21:03","date_gmt":"2015-07-06T11:21:03","guid":{"rendered":"http:\/\/juanjosefernandez.es\/?page_id=10"},"modified":"2016-01-12T11:42:09","modified_gmt":"2016-01-12T11:42:09","slug":"servicios","status":"publish","type":"page","link":"https:\/\/juanjosefernandez.es\/it\/servicios\/","title":{"rendered":"Servicios"},"content":{"rendered":"<div class=\"wpb-content-wrapper\"><p>[vc_row][vc_column][lab_heading title=&#8221;SERVIZI&#8221;][\/lab_heading][\/vc_column][\/vc_row][vc_row][vc_column width=&#8221;1\/2&#8243;][vc_single_image image=&#8221;915&#8243; img_size=&#8221;540&#215;392&#8243; onclick=&#8221;link_image&#8221;][\/vc_column][vc_column width=&#8221;1\/2&#8243;][vc_icon icon_linea=&#8221;icon-basic-picture&#8221; css=&#8221;.vc_custom_1451902144928{margin-top: 0px !important;margin-bottom: -20px !important;}&#8221;][lab_heading title=&#8221;Peasaggismo&#8221; css=&#8221;.vc_custom_1451902198492{margin-top: 0px !important;margin-bottom: 0px !important;}&#8221;][\/lab_heading][vc_column_text]Il paesaggismo \u00e8 forse, una delle professioni pi\u00fa sconosciute. Non \u00e8 che lo studio, la pianificazione e l`esecuzione di miglioramenti del Medio-ambiente , tanto su scala pubblica con lo sviluppo di nuove zone o la riabilitazione di spazi degradati; che su scala privata, con la costruzione o riforma di giardini.<\/p>\n<p>Il giardiniere-paesaggista deve essere polivante e maneggiare lo spazio tanto a livello tecnico come artistico; a parte di possedere una profonda conoscenza delle specie vegetali e di tutte le tecniche colturali da portare al termine in modo che si sviluppi l\u2019attivit\u00e1 nelle migliori delle condizioni.<\/p>\n<p>Pero lo sviluppo di questa attivit\u00e0 \u00e8 anche un\u2019arte, ed \u00e8 proprio l\u00ec, dove, si differenzia l\u2019impronta che ogni paesaggista le da ad un giardino. Durante il passare del tempo, i giardini, si sono evoluzionati, segnando stili molto differenti.<\/p>\n<p>Al giorno d\u2019oggi, il giadiniere- paesaggista recupera questo bagaglio ed insieme alla grande evoluzione che hanno subito i materiali e la tecnologia, \u00e8 capace di costruire spazi fino ad ora inimmagginabili.[\/vc_column_text][\/vc_column][\/vc_row][vc_row][vc_column width=&#8221;1\/2&#8243;][vc_icon icon_linea=&#8221;icon-basic-pencil-ruler&#8221; css=&#8221;.vc_custom_1451902367554{margin-top: 0px !important;margin-bottom: -20px !important;}&#8221;][lab_heading title=&#8221;Disegno e costruzione di giardini&#8221; css=&#8221;.vc_custom_1451902443014{margin-top: 0px !important;margin-bottom: 0px !important;}&#8221;][\/lab_heading][vc_column_text]<\/p>\n<p style=\"text-align: justify;\">Dopo aver analizzato le preferenze dello stile del cliente, si opta per uno stile di un giardino che segna una linea di attuazione.<\/p>\n<p>Il disegno costituisce una prima proiezione dello spazio fino alla zonizzazione. In seguito, si definiscono le unit\u00e1 da costruire, tali come i movimenti di terra, muri, viali, piantagione di grandi esemplari, piscina,fontana, pergola, percorso sportivo, solarium, e tutto ci\u00f3 che si riferisce a domotica (cancelli automatici, illuminazione esterna ecc\u2026).<\/p>\n<p>Infine, si studia la vegetazione da piantare; che verr\u00e1 specificata per la convenienza del cliente. Si consegna il proggetto di paesaggismo con la descrizione dei lavori da realizzare, qualit\u00e1 dei materiali, misure delle unit\u00e1 e il preventivo.<\/p>\n<p>In seguito si procede alla costruzione di tutti gli elementi che rappresentano l\u2019esterno dell\u2019abitazione, seguendo una linea logica in tempo e preventivo.[\/vc_column_text][\/vc_column][vc_column width=&#8221;1\/2&#8243;][vc_single_image image=&#8221;913&#8243; img_size=&#8221;560&#215;392&#8243;][\/vc_column][\/vc_row][vc_row][vc_column width=&#8221;1\/2&#8243;][vc_single_image image=&#8221;914&#8243; img_size=&#8221;560&#215;392&#8243;][\/vc_column][vc_column width=&#8221;1\/2&#8243;][vc_icon icon_linea=&#8221;icon-basic-settings&#8221; css=&#8221;.vc_custom_1451902570655{margin-top: 0px !important;margin-bottom: -20px !important;}&#8221;][lab_heading title=&#8221;Mantenimento di giardini&#8221; css=&#8221;.vc_custom_1451902643930{margin-top: 0px !important;margin-bottom: 0px !important;}&#8221;][\/lab_heading][vc_column_text]<\/p>\n<p style=\"text-align: justify;\">Fatto il giardino, si consegna un \u201cplaning\u201d di mantenimento con tutti i lavori da realizzare per il suo corretto sviluppo durante l\u2019anno e si offre al cliente questa possibilit\u00e0.<\/p>\n<p>Realizziamo unicamente mantenimenti di giardini che abbiamo previamente disegnato e realizzato nella sua totalit\u00e0 o parzialmente.<\/p>\n<p>[\/vc_column_text][\/vc_column][\/vc_row][vc_row][vc_column width=&#8221;1\/2&#8243;][vc_icon icon_linea=&#8221;icon-basic-signs&#8221; css=&#8221;.vc_custom_1451902738015{margin-top: 0px !important;margin-bottom: -20px !important;}&#8221;][lab_heading title=&#8221;Servizio di consulenza&#8221; css=&#8221;.vc_custom_1451902796010{margin-top: 0px !important;margin-bottom: 0px !important;}&#8221;][\/lab_heading][vc_column_text]<\/p>\n<p style=\"text-align: justify;\">Consulenza a organismi pubblici e privati in quanto al miglioramento ed al mantenimento delle installazioni esistenti.<\/p>\n<p>[\/vc_column_text][\/vc_column][vc_column width=&#8221;1\/2&#8243;][vc_single_image image=&#8221;912&#8243; img_size=&#8221;560&#215;392&#8243;][\/vc_column][\/vc_row]<\/p>\n<\/div>","protected":false},"excerpt":{"rendered":"<p>[vc_row][vc_column][lab_heading title=&#8221;SERVIZI&#8221;][\/lab_heading][\/vc_column][\/vc_row][vc_row][vc_column width=&#8221;1\/2&#8243;][vc_single_image image=&#8221;915&#8243; img_size=&#8221;540&#215;392&#8243; onclick=&#8221;link_image&#8221;][\/vc_column][vc_column width=&#8221;1\/2&#8243;][vc_icon icon_linea=&#8221;icon-basic-picture&#8221; css=&#8221;.vc_custom_1451902144928{margin-top: 0px !important;margin-bottom: -20px !important;}&#8221;][lab_heading title=&#8221;Peasaggismo&#8221; css=&#8221;.vc_custom_1451902198492{margin-top: 0px !important;margin-bottom: 0px !important;}&#8221;][\/lab_heading][vc_column_text]Il paesaggismo \u00e8 forse, una delle professioni pi\u00fa sconosciute. Non \u00e8 che lo studio, la pianificazione e l`esecuzione di miglioramenti del Medio-ambiente , tanto su scala pubblica con lo sviluppo di nuove zone o la riabilitazione di&hellip;<\/p>\n","protected":false},"author":1,"featured_media":0,"parent":0,"menu_order":0,"comment_status":"closed","ping_status":"closed","template":"","meta":{"_acf_changed":false,"inline_featured_image":false,"footnotes":""},"class_list":["post-10","page","type-page","status-publish","hentry"],"acf":[],"yoast_head":"<!-- This site is optimized with the Yoast SEO plugin v24.9 - https:\/\/yoast.com\/wordpress\/plugins\/seo\/ -->\n<title>Servicios - Juan Jos\u00e9 Fernandez - Jardiner\u00eda - Paisajismo - Huelva<\/title>\n<meta name=\"description\" content=\"Servicios de paisajismo y jardiner\u00eda profesional en Huelva y Andaluc\u00eda. Juan Jos\u00e9 Fern\u00e1ndez. Paisajismo - Jardiner\u00eda - Mantenimiento - Asesoramiento\u00a0\" \/>\n<meta name=\"robots\" content=\"index, follow, max-snippet:-1, max-image-preview:large, max-video-preview:-1\" \/>\n<link rel=\"canonical\" href=\"https:\/\/juanjosefernandez.es\/it\/servicios\/\" \/>\n<meta property=\"og:locale\" content=\"it_IT\" \/>\n<meta property=\"og:type\" content=\"article\" \/>\n<meta property=\"og:title\" content=\"Servicios - Juan Jos\u00e9 Fernandez - Jardiner\u00eda - Paisajismo - Huelva\" \/>\n<meta property=\"og:description\" content=\"Servicios de paisajismo y jardiner\u00eda profesional en Huelva y Andaluc\u00eda. Juan Jos\u00e9 Fern\u00e1ndez. Paisajismo - Jardiner\u00eda - Mantenimiento - Asesoramiento\u00a0\" \/>\n<meta property=\"og:url\" content=\"https:\/\/juanjosefernandez.es\/it\/servicios\/\" \/>\n<meta property=\"og:site_name\" content=\"juanjosefernandez\" \/>\n<meta property=\"article:modified_time\" content=\"2016-01-12T11:42:09+00:00\" \/>\n<meta name=\"twitter:card\" content=\"summary_large_image\" \/>\n<meta name=\"twitter:label1\" content=\"Tempo di lettura stimato\" \/>\n\t<meta name=\"twitter:data1\" content=\"13 minuti\" \/>\n<script type=\"application\/ld+json\" class=\"yoast-schema-graph\">{\"@context\":\"https:\/\/schema.org\",\"@graph\":[{\"@type\":\"WebPage\",\"@id\":\"https:\/\/juanjosefernandez.es\/it\/servicios\/\",\"url\":\"https:\/\/juanjosefernandez.es\/it\/servicios\/\",\"name\":\"Servicios - Juan Jos\u00e9 Fernandez - Jardiner\u00eda - Paisajismo - Huelva\",\"isPartOf\":{\"@id\":\"https:\/\/juanjosefernandez.es\/it\/#website\"},\"datePublished\":\"2015-07-06T11:21:03+00:00\",\"dateModified\":\"2016-01-12T11:42:09+00:00\",\"description\":\"Servicios de paisajismo y jardiner\u00eda profesional en Huelva y Andaluc\u00eda. Juan Jos\u00e9 Fern\u00e1ndez. Paisajismo - Jardiner\u00eda - Mantenimiento - Asesoramiento\u00a0\",\"breadcrumb\":{\"@id\":\"https:\/\/juanjosefernandez.es\/it\/servicios\/#breadcrumb\"},\"inLanguage\":\"it-IT\",\"potentialAction\":[{\"@type\":\"ReadAction\",\"target\":[[\"https:\/\/juanjosefernandez.es\/it\/servicios\/\"]]}]},{\"@type\":\"BreadcrumbList\",\"@id\":\"https:\/\/juanjosefernandez.es\/it\/servicios\/#breadcrumb\",\"itemListElement\":[{\"@type\":\"ListItem\",\"position\":1,\"name\":\"Portada\",\"item\":\"https:\/\/juanjosefernandez.es\/it\/\"},{\"@type\":\"ListItem\",\"position\":2,\"name\":\"Servicios\"}]},{\"@type\":\"WebSite\",\"@id\":\"https:\/\/juanjosefernandez.es\/it\/#website\",\"url\":\"https:\/\/juanjosefernandez.es\/it\/\",\"name\":\"juanjosefernandez\",\"description\":\"paisajista | landscaper\",\"publisher\":{\"@id\":\"https:\/\/juanjosefernandez.es\/it\/#\/schema\/person\/48b0547b9beac3e217ece751a4575600\"},\"potentialAction\":[{\"@type\":\"SearchAction\",\"target\":{\"@type\":\"EntryPoint\",\"urlTemplate\":\"https:\/\/juanjosefernandez.es\/it\/?s={search_term_string}\"},\"query-input\":{\"@type\":\"PropertyValueSpecification\",\"valueRequired\":true,\"valueName\":\"search_term_string\"}}],\"inLanguage\":\"it-IT\"},{\"@type\":[\"Person\",\"Organization\"],\"@id\":\"https:\/\/juanjosefernandez.es\/it\/#\/schema\/person\/48b0547b9beac3e217ece751a4575600\",\"name\":\"juanjosefernandez\",\"image\":{\"@type\":\"ImageObject\",\"inLanguage\":\"it-IT\",\"@id\":\"https:\/\/juanjosefernandez.es\/it\/#\/schema\/person\/image\/\",\"url\":\"https:\/\/juanjosefernandez.es\/wp-content\/uploads\/2015\/07\/jj-simbolo2.png\",\"contentUrl\":\"https:\/\/juanjosefernandez.es\/wp-content\/uploads\/2015\/07\/jj-simbolo2.png\",\"width\":198,\"height\":198,\"caption\":\"juanjosefernandez\"},\"logo\":{\"@id\":\"https:\/\/juanjosefernandez.es\/it\/#\/schema\/person\/image\/\"}}]}<\/script>\n<!-- \/ Yoast SEO plugin. -->","yoast_head_json":{"title":"Servicios - Juan Jos\u00e9 Fernandez - Jardiner\u00eda - Paisajismo - Huelva","description":"Servicios de paisajismo y jardiner\u00eda profesional en Huelva y Andaluc\u00eda. Juan Jos\u00e9 Fern\u00e1ndez. Paisajismo - Jardiner\u00eda - Mantenimiento - Asesoramiento\u00a0","robots":{"index":"index","follow":"follow","max-snippet":"max-snippet:-1","max-image-preview":"max-image-preview:large","max-video-preview":"max-video-preview:-1"},"canonical":"https:\/\/juanjosefernandez.es\/it\/servicios\/","og_locale":"it_IT","og_type":"article","og_title":"Servicios - Juan Jos\u00e9 Fernandez - Jardiner\u00eda - Paisajismo - Huelva","og_description":"Servicios de paisajismo y jardiner\u00eda profesional en Huelva y Andaluc\u00eda. Juan Jos\u00e9 Fern\u00e1ndez. Paisajismo - Jardiner\u00eda - Mantenimiento - Asesoramiento\u00a0","og_url":"https:\/\/juanjosefernandez.es\/it\/servicios\/","og_site_name":"juanjosefernandez","article_modified_time":"2016-01-12T11:42:09+00:00","twitter_card":"summary_large_image","twitter_misc":{"Tempo di lettura stimato":"13 minuti"},"schema":{"@context":"https:\/\/schema.org","@graph":[{"@type":"WebPage","@id":"https:\/\/juanjosefernandez.es\/it\/servicios\/","url":"https:\/\/juanjosefernandez.es\/it\/servicios\/","name":"Servicios - Juan Jos\u00e9 Fernandez - Jardiner\u00eda - Paisajismo - Huelva","isPartOf":{"@id":"https:\/\/juanjosefernandez.es\/it\/#website"},"datePublished":"2015-07-06T11:21:03+00:00","dateModified":"2016-01-12T11:42:09+00:00","description":"Servicios de paisajismo y jardiner\u00eda profesional en Huelva y Andaluc\u00eda. Juan Jos\u00e9 Fern\u00e1ndez. Paisajismo - Jardiner\u00eda - Mantenimiento - Asesoramiento\u00a0","breadcrumb":{"@id":"https:\/\/juanjosefernandez.es\/it\/servicios\/#breadcrumb"},"inLanguage":"it-IT","potentialAction":[{"@type":"ReadAction","target":[["https:\/\/juanjosefernandez.es\/it\/servicios\/"]]}]},{"@type":"BreadcrumbList","@id":"https:\/\/juanjosefernandez.es\/it\/servicios\/#breadcrumb","itemListElement":[{"@type":"ListItem","position":1,"name":"Portada","item":"https:\/\/juanjosefernandez.es\/it\/"},{"@type":"ListItem","position":2,"name":"Servicios"}]},{"@type":"WebSite","@id":"https:\/\/juanjosefernandez.es\/it\/#website","url":"https:\/\/juanjosefernandez.es\/it\/","name":"juanjosefernandez","description":"paisajista | landscaper","publisher":{"@id":"https:\/\/juanjosefernandez.es\/it\/#\/schema\/person\/48b0547b9beac3e217ece751a4575600"},"potentialAction":[{"@type":"SearchAction","target":{"@type":"EntryPoint","urlTemplate":"https:\/\/juanjosefernandez.es\/it\/?s={search_term_string}"},"query-input":{"@type":"PropertyValueSpecification","valueRequired":true,"valueName":"search_term_string"}}],"inLanguage":"it-IT"},{"@type":["Person","Organization"],"@id":"https:\/\/juanjosefernandez.es\/it\/#\/schema\/person\/48b0547b9beac3e217ece751a4575600","name":"juanjosefernandez","image":{"@type":"ImageObject","inLanguage":"it-IT","@id":"https:\/\/juanjosefernandez.es\/it\/#\/schema\/person\/image\/","url":"https:\/\/juanjosefernandez.es\/wp-content\/uploads\/2015\/07\/jj-simbolo2.png","contentUrl":"https:\/\/juanjosefernandez.es\/wp-content\/uploads\/2015\/07\/jj-simbolo2.png","width":198,"height":198,"caption":"juanjosefernandez"},"logo":{"@id":"https:\/\/juanjosefernandez.es\/it\/#\/schema\/person\/image\/"}}]}},"_links":{"self":[{"href":"https:\/\/juanjosefernandez.es\/it\/wp-json\/wp\/v2\/pages\/10"}],"collection":[{"href":"https:\/\/juanjosefernandez.es\/it\/wp-json\/wp\/v2\/pages"}],"about":[{"href":"https:\/\/juanjosefernandez.es\/it\/wp-json\/wp\/v2\/types\/page"}],"author":[{"embeddable":true,"href":"https:\/\/juanjosefernandez.es\/it\/wp-json\/wp\/v2\/users\/1"}],"replies":[{"embeddable":true,"href":"https:\/\/juanjosefernandez.es\/it\/wp-json\/wp\/v2\/comments?post=10"}],"version-history":[{"count":63,"href":"https:\/\/juanjosefernandez.es\/it\/wp-json\/wp\/v2\/pages\/10\/revisions"}],"predecessor-version":[{"id":1125,"href":"https:\/\/juanjosefernandez.es\/it\/wp-json\/wp\/v2\/pages\/10\/revisions\/1125"}],"wp:attachment":[{"href":"https:\/\/juanjosefernandez.es\/it\/wp-json\/wp\/v2\/media?parent=10"}],"curies":[{"name":"wp","href":"https:\/\/api.w.org\/{rel}","templated":true}]}}