{"id":8,"date":"2015-07-06T11:20:12","date_gmt":"2015-07-06T11:20:12","guid":{"rendered":"http:\/\/juanjosefernandez.es\/?page_id=8"},"modified":"2016-01-12T11:38:15","modified_gmt":"2016-01-12T11:38:15","slug":"bio","status":"publish","type":"page","link":"https:\/\/juanjosefernandez.es\/en\/bio\/","title":{"rendered":"Bio"},"content":{"rendered":"<div class=\"wpb-content-wrapper\"><p>[vc_row][vc_column][lab_heading title=&#8221;\u201cThe love of gardens is not something you study, nor learn, it is something you feel.\u201d&#8221;]Disfr\u00fatalo.[\/lab_heading][\/vc_column][\/vc_row][vc_row][vc_column reveal_effect=&#8221;&#8221; css=&#8221;.vc_custom_1447781377793{padding-top: 10px !important;padding-right: 10px !important;padding-bottom: 10px !important;padding-left: 10px !important;}&#8221;][vc_single_image image=&#8221;762&#8243; img_size=&#8221;1200&#215;450&#8243; alignment=&#8221;center&#8221; onclick=&#8221;link_image&#8221;][vc_column_text]Huelva is my home and it is where I carry out my passion: landscaping.<\/p>\n<p>After finishing my primary studies I received my Technical Agricultural Engineering diploma from the University Polytechnic of La Rabida, which belongs to the University of Huelva.<\/p>\n<p>After two intense years I received the Leonardo Da Vinci grant with which I used to combine work with Italian language studies.<\/p>\n<p>Following that, I returned to Spain but this time to Almeria to study for my Postgraduate\u00a0 in the Cultivation of Hydroponics at the University of Almeria.<\/p>\n<p>At this time I started to work in different positions in big agricultural farms in Huelva.<\/p>\n<p>Next, I went to Madrid to study for the Masters in Gardening and Landscaping at the University Polytechnic of Madrid where I acquired knowledge and valuable tools that now allow me to develop my role as a landscaper.<\/p>\n<p>Currently, I carry out my projects from Huelva, alongside my associates, for clients all over Spain.[\/vc_column_text][\/vc_column][\/vc_row]<\/p>\n<\/div>","protected":false},"excerpt":{"rendered":"<p>[vc_row][vc_column][lab_heading title=&#8221;\u201cThe love of gardens is not something you study, nor learn, it is something you feel.\u201d&#8221;]Disfr\u00fatalo.[\/lab_heading][\/vc_column][\/vc_row][vc_row][vc_column reveal_effect=&#8221;&#8221; css=&#8221;.vc_custom_1447781377793{padding-top: 10px !important;padding-right: 10px !important;padding-bottom: 10px !important;padding-left: 10px !important;}&#8221;][vc_single_image image=&#8221;762&#8243; img_size=&#8221;1200&#215;450&#8243; alignment=&#8221;center&#8221; onclick=&#8221;link_image&#8221;][vc_column_text]Huelva is my home and it is where I carry out my passion: landscaping. After finishing my primary studies I received my Technical Agricultural Engineering&hellip;<\/p>\n","protected":false},"author":1,"featured_media":759,"parent":0,"menu_order":0,"comment_status":"open","ping_status":"open","template":"","meta":{"_acf_changed":false,"inline_featured_image":false,"footnotes":""},"class_list":["post-8","page","type-page","status-publish","has-post-thumbnail","hentry"],"acf":[],"yoast_head":"<!-- This site is optimized with the Yoast SEO plugin v24.9 - https:\/\/yoast.com\/wordpress\/plugins\/seo\/ -->\n<title>Bio - Juan Jos\u00e9 Fern\u00e1ndez - Jardiner\u00eda y Paisajismo - Huelva<\/title>\n<meta name=\"description\" content=\"Bio - Servicios de paisajismo y jardiner\u00eda profesional en Huelva y Andaluc\u00eda. Juan Jos\u00e9 Fern\u00e1ndez. Paisajismo - Jardiner\u00eda - Mantenimiento - Asesoramiento\u00a0\" \/>\n<meta name=\"robots\" content=\"index, follow, max-snippet:-1, max-image-preview:large, max-video-preview:-1\" \/>\n<link rel=\"canonical\" href=\"https:\/\/juanjosefernandez.es\/en\/bio\/\" \/>\n<meta property=\"og:locale\" content=\"en_US\" \/>\n<meta property=\"og:type\" content=\"article\" \/>\n<meta property=\"og:title\" content=\"Bio - Juan Jos\u00e9 Fern\u00e1ndez - Jardiner\u00eda y Paisajismo - Huelva\" \/>\n<meta property=\"og:description\" content=\"Bio - Servicios de paisajismo y jardiner\u00eda profesional en Huelva y Andaluc\u00eda. Juan Jos\u00e9 Fern\u00e1ndez. Paisajismo - Jardiner\u00eda - Mantenimiento - Asesoramiento\u00a0\" \/>\n<meta property=\"og:url\" content=\"https:\/\/juanjosefernandez.es\/en\/bio\/\" \/>\n<meta property=\"og:site_name\" content=\"juanjosefernandez\" \/>\n<meta property=\"article:modified_time\" content=\"2016-01-12T11:38:15+00:00\" \/>\n<meta property=\"og:image\" content=\"https:\/\/juanjosefernandez.es\/wp-content\/uploads\/2015\/07\/bio-ok.jpg\" \/>\n\t<meta property=\"og:image:width\" content=\"3456\" \/>\n\t<meta property=\"og:image:height\" content=\"2304\" \/>\n\t<meta property=\"og:image:type\" content=\"image\/jpeg\" \/>\n<meta name=\"twitter:card\" content=\"summary_large_image\" \/>\n<meta name=\"twitter:label1\" content=\"Est. reading time\" \/>\n\t<meta name=\"twitter:data1\" content=\"5 minutes\" \/>\n<script type=\"application\/ld+json\" class=\"yoast-schema-graph\">{\"@context\":\"https:\/\/schema.org\",\"@graph\":[{\"@type\":\"WebPage\",\"@id\":\"https:\/\/juanjosefernandez.es\/en\/bio\/\",\"url\":\"https:\/\/juanjosefernandez.es\/en\/bio\/\",\"name\":\"Bio - Juan Jos\u00e9 Fern\u00e1ndez - Jardiner\u00eda y Paisajismo - Huelva\",\"isPartOf\":{\"@id\":\"https:\/\/juanjosefernandez.es\/en\/#website\"},\"primaryImageOfPage\":{\"@id\":\"https:\/\/juanjosefernandez.es\/en\/bio\/#primaryimage\"},\"image\":{\"@id\":\"https:\/\/juanjosefernandez.es\/bio\/#primaryimage\"},\"thumbnailUrl\":\"https:\/\/juanjosefernandez.es\/wp-content\/uploads\/2015\/07\/bio-ok.jpg\",\"datePublished\":\"2015-07-06T11:20:12+00:00\",\"dateModified\":\"2016-01-12T11:38:15+00:00\",\"description\":\"Bio - Servicios de paisajismo y jardiner\u00eda profesional en Huelva y Andaluc\u00eda. Juan Jos\u00e9 Fern\u00e1ndez. Paisajismo - Jardiner\u00eda - Mantenimiento - Asesoramiento\u00a0\",\"breadcrumb\":{\"@id\":\"https:\/\/juanjosefernandez.es\/en\/bio\/#breadcrumb\"},\"inLanguage\":\"en-US\",\"potentialAction\":[{\"@type\":\"ReadAction\",\"target\":[[\"https:\/\/juanjosefernandez.es\/en\/bio\/\"]]}]},{\"@type\":\"ImageObject\",\"inLanguage\":\"en-US\",\"@id\":\"https:\/\/juanjosefernandez.es\/en\/bio\/#primaryimage\",\"url\":\"https:\/\/juanjosefernandez.es\/wp-content\/uploads\/2015\/07\/bio-ok.jpg\",\"contentUrl\":\"https:\/\/juanjosefernandez.es\/wp-content\/uploads\/2015\/07\/bio-ok.jpg\",\"width\":3456,\"height\":2304,\"caption\":\"Bio - Juan Jos\u00e9 Fern\u00e1ndez - Jardiner\u00eda y Paisajismo - Huelva\"},{\"@type\":\"BreadcrumbList\",\"@id\":\"https:\/\/juanjosefernandez.es\/en\/bio\/#breadcrumb\",\"itemListElement\":[{\"@type\":\"ListItem\",\"position\":1,\"name\":\"Portada\",\"item\":\"https:\/\/juanjosefernandez.es\/en\/\"},{\"@type\":\"ListItem\",\"position\":2,\"name\":\"Bio\"}]},{\"@type\":\"WebSite\",\"@id\":\"https:\/\/juanjosefernandez.es\/en\/#website\",\"url\":\"https:\/\/juanjosefernandez.es\/en\/\",\"name\":\"juanjosefernandez\",\"description\":\"paisajista | landscaper\",\"publisher\":{\"@id\":\"https:\/\/juanjosefernandez.es\/en\/#\/schema\/person\/48b0547b9beac3e217ece751a4575600\"},\"potentialAction\":[{\"@type\":\"SearchAction\",\"target\":{\"@type\":\"EntryPoint\",\"urlTemplate\":\"https:\/\/juanjosefernandez.es\/en\/?s={search_term_string}\"},\"query-input\":{\"@type\":\"PropertyValueSpecification\",\"valueRequired\":true,\"valueName\":\"search_term_string\"}}],\"inLanguage\":\"en-US\"},{\"@type\":[\"Person\",\"Organization\"],\"@id\":\"https:\/\/juanjosefernandez.es\/en\/#\/schema\/person\/48b0547b9beac3e217ece751a4575600\",\"name\":\"juanjosefernandez\",\"image\":{\"@type\":\"ImageObject\",\"inLanguage\":\"en-US\",\"@id\":\"https:\/\/juanjosefernandez.es\/en\/#\/schema\/person\/image\/\",\"url\":\"https:\/\/juanjosefernandez.es\/wp-content\/uploads\/2015\/07\/jj-simbolo2.png\",\"contentUrl\":\"https:\/\/juanjosefernandez.es\/wp-content\/uploads\/2015\/07\/jj-simbolo2.png\",\"width\":198,\"height\":198,\"caption\":\"juanjosefernandez\"},\"logo\":{\"@id\":\"https:\/\/juanjosefernandez.es\/en\/#\/schema\/person\/image\/\"}}]}<\/script>\n<!-- \/ Yoast SEO plugin. -->","yoast_head_json":{"title":"Bio - Juan Jos\u00e9 Fern\u00e1ndez - Jardiner\u00eda y Paisajismo - Huelva","description":"Bio - Servicios de paisajismo y jardiner\u00eda profesional en Huelva y Andaluc\u00eda. Juan Jos\u00e9 Fern\u00e1ndez. Paisajismo - Jardiner\u00eda - Mantenimiento - Asesoramiento\u00a0","robots":{"index":"index","follow":"follow","max-snippet":"max-snippet:-1","max-image-preview":"max-image-preview:large","max-video-preview":"max-video-preview:-1"},"canonical":"https:\/\/juanjosefernandez.es\/en\/bio\/","og_locale":"en_US","og_type":"article","og_title":"Bio - Juan Jos\u00e9 Fern\u00e1ndez - Jardiner\u00eda y Paisajismo - Huelva","og_description":"Bio - Servicios de paisajismo y jardiner\u00eda profesional en Huelva y Andaluc\u00eda. Juan Jos\u00e9 Fern\u00e1ndez. Paisajismo - Jardiner\u00eda - Mantenimiento - Asesoramiento\u00a0","og_url":"https:\/\/juanjosefernandez.es\/en\/bio\/","og_site_name":"juanjosefernandez","article_modified_time":"2016-01-12T11:38:15+00:00","og_image":[{"width":3456,"height":2304,"url":"https:\/\/juanjosefernandez.es\/wp-content\/uploads\/2015\/07\/bio-ok.jpg","type":"image\/jpeg"}],"twitter_card":"summary_large_image","twitter_misc":{"Est. reading time":"5 minutes"},"schema":{"@context":"https:\/\/schema.org","@graph":[{"@type":"WebPage","@id":"https:\/\/juanjosefernandez.es\/en\/bio\/","url":"https:\/\/juanjosefernandez.es\/en\/bio\/","name":"Bio - Juan Jos\u00e9 Fern\u00e1ndez - Jardiner\u00eda y Paisajismo - Huelva","isPartOf":{"@id":"https:\/\/juanjosefernandez.es\/en\/#website"},"primaryImageOfPage":{"@id":"https:\/\/juanjosefernandez.es\/en\/bio\/#primaryimage"},"image":{"@id":"https:\/\/juanjosefernandez.es\/bio\/#primaryimage"},"thumbnailUrl":"https:\/\/juanjosefernandez.es\/wp-content\/uploads\/2015\/07\/bio-ok.jpg","datePublished":"2015-07-06T11:20:12+00:00","dateModified":"2016-01-12T11:38:15+00:00","description":"Bio - Servicios de paisajismo y jardiner\u00eda profesional en Huelva y Andaluc\u00eda. Juan Jos\u00e9 Fern\u00e1ndez. Paisajismo - Jardiner\u00eda - Mantenimiento - Asesoramiento\u00a0","breadcrumb":{"@id":"https:\/\/juanjosefernandez.es\/en\/bio\/#breadcrumb"},"inLanguage":"en-US","potentialAction":[{"@type":"ReadAction","target":[["https:\/\/juanjosefernandez.es\/en\/bio\/"]]}]},{"@type":"ImageObject","inLanguage":"en-US","@id":"https:\/\/juanjosefernandez.es\/en\/bio\/#primaryimage","url":"https:\/\/juanjosefernandez.es\/wp-content\/uploads\/2015\/07\/bio-ok.jpg","contentUrl":"https:\/\/juanjosefernandez.es\/wp-content\/uploads\/2015\/07\/bio-ok.jpg","width":3456,"height":2304,"caption":"Bio - Juan Jos\u00e9 Fern\u00e1ndez - Jardiner\u00eda y Paisajismo - Huelva"},{"@type":"BreadcrumbList","@id":"https:\/\/juanjosefernandez.es\/en\/bio\/#breadcrumb","itemListElement":[{"@type":"ListItem","position":1,"name":"Portada","item":"https:\/\/juanjosefernandez.es\/en\/"},{"@type":"ListItem","position":2,"name":"Bio"}]},{"@type":"WebSite","@id":"https:\/\/juanjosefernandez.es\/en\/#website","url":"https:\/\/juanjosefernandez.es\/en\/","name":"juanjosefernandez","description":"paisajista | landscaper","publisher":{"@id":"https:\/\/juanjosefernandez.es\/en\/#\/schema\/person\/48b0547b9beac3e217ece751a4575600"},"potentialAction":[{"@type":"SearchAction","target":{"@type":"EntryPoint","urlTemplate":"https:\/\/juanjosefernandez.es\/en\/?s={search_term_string}"},"query-input":{"@type":"PropertyValueSpecification","valueRequired":true,"valueName":"search_term_string"}}],"inLanguage":"en-US"},{"@type":["Person","Organization"],"@id":"https:\/\/juanjosefernandez.es\/en\/#\/schema\/person\/48b0547b9beac3e217ece751a4575600","name":"juanjosefernandez","image":{"@type":"ImageObject","inLanguage":"en-US","@id":"https:\/\/juanjosefernandez.es\/en\/#\/schema\/person\/image\/","url":"https:\/\/juanjosefernandez.es\/wp-content\/uploads\/2015\/07\/jj-simbolo2.png","contentUrl":"https:\/\/juanjosefernandez.es\/wp-content\/uploads\/2015\/07\/jj-simbolo2.png","width":198,"height":198,"caption":"juanjosefernandez"},"logo":{"@id":"https:\/\/juanjosefernandez.es\/en\/#\/schema\/person\/image\/"}}]}},"_links":{"self":[{"href":"https:\/\/juanjosefernandez.es\/en\/wp-json\/wp\/v2\/pages\/8"}],"collection":[{"href":"https:\/\/juanjosefernandez.es\/en\/wp-json\/wp\/v2\/pages"}],"about":[{"href":"https:\/\/juanjosefernandez.es\/en\/wp-json\/wp\/v2\/types\/page"}],"author":[{"embeddable":true,"href":"https:\/\/juanjosefernandez.es\/en\/wp-json\/wp\/v2\/users\/1"}],"replies":[{"embeddable":true,"href":"https:\/\/juanjosefernandez.es\/en\/wp-json\/wp\/v2\/comments?post=8"}],"version-history":[{"count":34,"href":"https:\/\/juanjosefernandez.es\/en\/wp-json\/wp\/v2\/pages\/8\/revisions"}],"predecessor-version":[{"id":1124,"href":"https:\/\/juanjosefernandez.es\/en\/wp-json\/wp\/v2\/pages\/8\/revisions\/1124"}],"wp:featuredmedia":[{"embeddable":true,"href":"https:\/\/juanjosefernandez.es\/en\/wp-json\/wp\/v2\/media\/759"}],"wp:attachment":[{"href":"https:\/\/juanjosefernandez.es\/en\/wp-json\/wp\/v2\/media?parent=8"}],"curies":[{"name":"wp","href":"https:\/\/api.w.org\/{rel}","templated":true}]}}