{"id":2,"date":"2015-07-03T11:58:03","date_gmt":"2015-07-03T11:58:03","guid":{"rendered":"http:\/\/juanjosefernandez.es\/?page_id=2"},"modified":"2016-01-08T11:18:45","modified_gmt":"2016-01-08T11:18:45","slug":"juanjosefernandez","status":"publish","type":"page","link":"https:\/\/juanjosefernandez.es\/en\/","title":{"rendered":"Juan Jose Fern\u00e1ndez"},"content":{"rendered":"<div class=\"wpb-content-wrapper\"><p>[vc_row][vc_column][lab_heading title=&#8221;Works&#8221;][\/lab_heading][\/vc_column][\/vc_row][vc_row][vc_column][lab_portfolio_items portfolio_type=&#8221;type-2&#8243; dynamic_image_height=&#8221;yes&#8221; portfolio_query=&#8221;size:12|order_by:date|post_type:portfolio&#8221;][\/vc_column][\/vc_row][vc_row][vc_column][vc_separator style=&#8221;dotted&#8221; border_width=&#8221;2&#8243;][\/vc_column][\/vc_row][vc_row][vc_column width=&#8221;1\/3&#8243;][lab_heading title=&#8221;Jardiner\u00eda&#8221;][\/lab_heading][vc_column_text][\/vc_column_text][\/vc_column][vc_column width=&#8221;1\/3&#8243;][lab_heading title=&#8221;Paisajismo&#8221;][\/lab_heading][vc_column_text][\/vc_column_text][\/vc_column][vc_column width=&#8221;1\/3&#8243;][lab_heading title=&#8221;Mantenimiento&#8221;][\/lab_heading][vc_column_text][\/vc_column_text][\/vc_column][\/vc_row]<\/p>\n<\/div>","protected":false},"excerpt":{"rendered":"<p>[vc_row][vc_column][lab_heading title=&#8221;Works&#8221;][\/lab_heading][\/vc_column][\/vc_row][vc_row][vc_column][lab_portfolio_items portfolio_type=&#8221;type-2&#8243; dynamic_image_height=&#8221;yes&#8221; portfolio_query=&#8221;size:12|order_by:date|post_type:portfolio&#8221;][\/vc_column][\/vc_row][vc_row][vc_column][vc_separator style=&#8221;dotted&#8221; border_width=&#8221;2&#8243;][\/vc_column][\/vc_row][vc_row][vc_column width=&#8221;1\/3&#8243;][lab_heading title=&#8221;Jardiner\u00eda&#8221;][\/lab_heading][vc_column_text][\/vc_column_text][\/vc_column][vc_column width=&#8221;1\/3&#8243;][lab_heading title=&#8221;Paisajismo&#8221;][\/lab_heading][vc_column_text][\/vc_column_text][\/vc_column][vc_column width=&#8221;1\/3&#8243;][lab_heading title=&#8221;Mantenimiento&#8221;][\/lab_heading][vc_column_text][\/vc_column_text][\/vc_column][\/vc_row]<\/p>\n","protected":false},"author":1,"featured_media":0,"parent":0,"menu_order":0,"comment_status":"closed","ping_status":"closed","template":"","meta":{"_acf_changed":false,"inline_featured_image":false,"footnotes":""},"class_list":["post-2","page","type-page","status-publish","hentry"],"acf":[],"yoast_head":"<!-- This site is optimized with the Yoast SEO plugin v24.9 - https:\/\/yoast.com\/wordpress\/plugins\/seo\/ -->\n<title>Juan Jos\u00e9 Fern\u00e1ndez - Jardiner\u00eda - Paisajismo - Huelva\u00a0<\/title>\n<meta name=\"description\" content=\"Juan Jos\u00e9 Fern\u00e1ndez - Servicios de paisajismo y jardiner\u00eda profesional en Huelva. Paisajismo - Jardiner\u00eda - Mantenimiento - Asesoramiento\" \/>\n<meta name=\"robots\" content=\"index, follow, max-snippet:-1, max-image-preview:large, max-video-preview:-1\" \/>\n<link rel=\"canonical\" href=\"https:\/\/juanjosefernandez.es\/en\/\" \/>\n<meta property=\"og:locale\" content=\"en_US\" \/>\n<meta property=\"og:type\" content=\"article\" \/>\n<meta property=\"og:title\" content=\"Juan Jos\u00e9 Fern\u00e1ndez\" \/>\n<meta property=\"og:description\" content=\"Servicios de Paisajismo y Jardiner\u00eda profesional desde Huelva. Juan Jos\u00e9 Fern\u00e1ndez.\" \/>\n<meta property=\"og:url\" content=\"https:\/\/juanjosefernandez.es\/en\/\" \/>\n<meta property=\"og:site_name\" content=\"juanjosefernandez\" \/>\n<meta property=\"article:modified_time\" content=\"2016-01-08T11:18:45+00:00\" \/>\n<meta property=\"og:image\" content=\"https:\/\/juanjosefernandez.es\/wp-content\/uploads\/2015\/07\/jj-simbolo2.png\" \/>\n\t<meta property=\"og:image:width\" content=\"198\" \/>\n\t<meta property=\"og:image:height\" content=\"198\" \/>\n\t<meta property=\"og:image:type\" content=\"image\/png\" \/>\n<meta name=\"twitter:card\" content=\"summary_large_image\" \/>\n<meta name=\"twitter:label1\" content=\"Est. reading time\" \/>\n\t<meta name=\"twitter:data1\" content=\"3 minutes\" \/>\n<script type=\"application\/ld+json\" class=\"yoast-schema-graph\">{\"@context\":\"https:\/\/schema.org\",\"@graph\":[{\"@type\":\"WebPage\",\"@id\":\"https:\/\/juanjosefernandez.es\/en\/\",\"url\":\"https:\/\/juanjosefernandez.es\/en\/\",\"name\":\"Juan Jos\u00e9 Fern\u00e1ndez - Jardiner\u00eda - Paisajismo - Huelva\u00a0\",\"isPartOf\":{\"@id\":\"https:\/\/juanjosefernandez.es\/en\/#website\"},\"datePublished\":\"2015-07-03T11:58:03+00:00\",\"dateModified\":\"2016-01-08T11:18:45+00:00\",\"description\":\"Juan Jos\u00e9 Fern\u00e1ndez - Servicios de paisajismo y jardiner\u00eda profesional en Huelva. Paisajismo - Jardiner\u00eda - Mantenimiento - Asesoramiento\",\"breadcrumb\":{\"@id\":\"https:\/\/juanjosefernandez.es\/en\/#breadcrumb\"},\"inLanguage\":\"en-US\",\"potentialAction\":[{\"@type\":\"ReadAction\",\"target\":[[\"https:\/\/juanjosefernandez.es\/en\/\"]]}]},{\"@type\":\"BreadcrumbList\",\"@id\":\"https:\/\/juanjosefernandez.es\/en\/#breadcrumb\",\"itemListElement\":[{\"@type\":\"ListItem\",\"position\":1,\"name\":\"Portada\",\"item\":\"https:\/\/juanjosefernandez.es\/en\/\"},{\"@type\":\"ListItem\",\"position\":2,\"name\":\"juanjosefernandez\"}]},{\"@type\":\"WebSite\",\"@id\":\"https:\/\/juanjosefernandez.es\/en\/#website\",\"url\":\"https:\/\/juanjosefernandez.es\/en\/\",\"name\":\"juanjosefernandez\",\"description\":\"paisajista | landscaper\",\"publisher\":{\"@id\":\"https:\/\/juanjosefernandez.es\/en\/#\/schema\/person\/48b0547b9beac3e217ece751a4575600\"},\"potentialAction\":[{\"@type\":\"SearchAction\",\"target\":{\"@type\":\"EntryPoint\",\"urlTemplate\":\"https:\/\/juanjosefernandez.es\/en\/?s={search_term_string}\"},\"query-input\":{\"@type\":\"PropertyValueSpecification\",\"valueRequired\":true,\"valueName\":\"search_term_string\"}}],\"inLanguage\":\"en-US\"},{\"@type\":[\"Person\",\"Organization\"],\"@id\":\"https:\/\/juanjosefernandez.es\/en\/#\/schema\/person\/48b0547b9beac3e217ece751a4575600\",\"name\":\"juanjosefernandez\",\"image\":{\"@type\":\"ImageObject\",\"inLanguage\":\"en-US\",\"@id\":\"https:\/\/juanjosefernandez.es\/en\/#\/schema\/person\/image\/\",\"url\":\"https:\/\/juanjosefernandez.es\/wp-content\/uploads\/2015\/07\/jj-simbolo2.png\",\"contentUrl\":\"https:\/\/juanjosefernandez.es\/wp-content\/uploads\/2015\/07\/jj-simbolo2.png\",\"width\":198,\"height\":198,\"caption\":\"juanjosefernandez\"},\"logo\":{\"@id\":\"https:\/\/juanjosefernandez.es\/en\/#\/schema\/person\/image\/\"}}]}<\/script>\n<!-- \/ Yoast SEO plugin. -->","yoast_head_json":{"title":"Juan Jos\u00e9 Fern\u00e1ndez - Jardiner\u00eda - Paisajismo - Huelva\u00a0","description":"Juan Jos\u00e9 Fern\u00e1ndez - Servicios de paisajismo y jardiner\u00eda profesional en Huelva. Paisajismo - Jardiner\u00eda - Mantenimiento - Asesoramiento","robots":{"index":"index","follow":"follow","max-snippet":"max-snippet:-1","max-image-preview":"max-image-preview:large","max-video-preview":"max-video-preview:-1"},"canonical":"https:\/\/juanjosefernandez.es\/en\/","og_locale":"en_US","og_type":"article","og_title":"Juan Jos\u00e9 Fern\u00e1ndez","og_description":"Servicios de Paisajismo y Jardiner\u00eda profesional desde Huelva. Juan Jos\u00e9 Fern\u00e1ndez.","og_url":"https:\/\/juanjosefernandez.es\/en\/","og_site_name":"juanjosefernandez","article_modified_time":"2016-01-08T11:18:45+00:00","og_image":[{"width":198,"height":198,"url":"https:\/\/juanjosefernandez.es\/wp-content\/uploads\/2015\/07\/jj-simbolo2.png","type":"image\/png"}],"twitter_card":"summary_large_image","twitter_misc":{"Est. reading time":"3 minutes"},"schema":{"@context":"https:\/\/schema.org","@graph":[{"@type":"WebPage","@id":"https:\/\/juanjosefernandez.es\/en\/","url":"https:\/\/juanjosefernandez.es\/en\/","name":"Juan Jos\u00e9 Fern\u00e1ndez - Jardiner\u00eda - Paisajismo - Huelva\u00a0","isPartOf":{"@id":"https:\/\/juanjosefernandez.es\/en\/#website"},"datePublished":"2015-07-03T11:58:03+00:00","dateModified":"2016-01-08T11:18:45+00:00","description":"Juan Jos\u00e9 Fern\u00e1ndez - Servicios de paisajismo y jardiner\u00eda profesional en Huelva. Paisajismo - Jardiner\u00eda - Mantenimiento - Asesoramiento","breadcrumb":{"@id":"https:\/\/juanjosefernandez.es\/en\/#breadcrumb"},"inLanguage":"en-US","potentialAction":[{"@type":"ReadAction","target":[["https:\/\/juanjosefernandez.es\/en\/"]]}]},{"@type":"BreadcrumbList","@id":"https:\/\/juanjosefernandez.es\/en\/#breadcrumb","itemListElement":[{"@type":"ListItem","position":1,"name":"Portada","item":"https:\/\/juanjosefernandez.es\/en\/"},{"@type":"ListItem","position":2,"name":"juanjosefernandez"}]},{"@type":"WebSite","@id":"https:\/\/juanjosefernandez.es\/en\/#website","url":"https:\/\/juanjosefernandez.es\/en\/","name":"juanjosefernandez","description":"paisajista | landscaper","publisher":{"@id":"https:\/\/juanjosefernandez.es\/en\/#\/schema\/person\/48b0547b9beac3e217ece751a4575600"},"potentialAction":[{"@type":"SearchAction","target":{"@type":"EntryPoint","urlTemplate":"https:\/\/juanjosefernandez.es\/en\/?s={search_term_string}"},"query-input":{"@type":"PropertyValueSpecification","valueRequired":true,"valueName":"search_term_string"}}],"inLanguage":"en-US"},{"@type":["Person","Organization"],"@id":"https:\/\/juanjosefernandez.es\/en\/#\/schema\/person\/48b0547b9beac3e217ece751a4575600","name":"juanjosefernandez","image":{"@type":"ImageObject","inLanguage":"en-US","@id":"https:\/\/juanjosefernandez.es\/en\/#\/schema\/person\/image\/","url":"https:\/\/juanjosefernandez.es\/wp-content\/uploads\/2015\/07\/jj-simbolo2.png","contentUrl":"https:\/\/juanjosefernandez.es\/wp-content\/uploads\/2015\/07\/jj-simbolo2.png","width":198,"height":198,"caption":"juanjosefernandez"},"logo":{"@id":"https:\/\/juanjosefernandez.es\/en\/#\/schema\/person\/image\/"}}]}},"_links":{"self":[{"href":"https:\/\/juanjosefernandez.es\/en\/wp-json\/wp\/v2\/pages\/2"}],"collection":[{"href":"https:\/\/juanjosefernandez.es\/en\/wp-json\/wp\/v2\/pages"}],"about":[{"href":"https:\/\/juanjosefernandez.es\/en\/wp-json\/wp\/v2\/types\/page"}],"author":[{"embeddable":true,"href":"https:\/\/juanjosefernandez.es\/en\/wp-json\/wp\/v2\/users\/1"}],"replies":[{"embeddable":true,"href":"https:\/\/juanjosefernandez.es\/en\/wp-json\/wp\/v2\/comments?post=2"}],"version-history":[{"count":59,"href":"https:\/\/juanjosefernandez.es\/en\/wp-json\/wp\/v2\/pages\/2\/revisions"}],"predecessor-version":[{"id":1112,"href":"https:\/\/juanjosefernandez.es\/en\/wp-json\/wp\/v2\/pages\/2\/revisions\/1112"}],"wp:attachment":[{"href":"https:\/\/juanjosefernandez.es\/en\/wp-json\/wp\/v2\/media?parent=2"}],"curies":[{"name":"wp","href":"https:\/\/api.w.org\/{rel}","templated":true}]}}