{"id":10,"date":"2015-07-06T11:21:03","date_gmt":"2015-07-06T11:21:03","guid":{"rendered":"http:\/\/juanjosefernandez.es\/?page_id=10"},"modified":"2016-01-12T11:42:09","modified_gmt":"2016-01-12T11:42:09","slug":"servicios","status":"publish","type":"page","link":"https:\/\/juanjosefernandez.es\/en\/servicios\/","title":{"rendered":"Services"},"content":{"rendered":"<div class=\"wpb-content-wrapper\"><p>[vc_row][vc_column][lab_heading title=&#8221;SERVICES&#8221;][\/lab_heading][\/vc_column][\/vc_row][vc_row][vc_column width=&#8221;1\/2&#8243;][vc_single_image image=&#8221;915&#8243; img_size=&#8221;540&#215;392&#8243; onclick=&#8221;link_image&#8221;][\/vc_column][vc_column width=&#8221;1\/2&#8243;][vc_icon icon_linea=&#8221;icon-basic-picture&#8221; css=&#8221;.vc_custom_1451474325875{margin-top: 0px !important;margin-bottom: -20px !important;}&#8221;][lab_heading title=&#8221;LANDSCAPE GARDENING&#8221; css=&#8221;.vc_custom_1451474045670{margin-top: 0px !important;margin-bottom: 0px !important;}&#8221;][\/lab_heading][vc_column_text css=&#8221;.vc_custom_1451474725736{margin-top: 0px !important;margin-bottom: 0px !important;}&#8221;]<\/p>\n<p style=\"text-align: justify;\">Landscaping is perhaps one of the most unknown professions. It is nothing more than the study, planning and implementation of improvements in the environment, both at the public level, with the development of new areas or rehabilitation of degraded sites and also on a private scale, with the construction or reform of private gardens.<\/p>\n<p style=\"text-align: justify;\">The landscape gardener must be multifaceted and manage the space both to a technical and artistic level. As well as this it is necessary to have a deep knowledge of plant species and cultural activity in order to carry out the work in the best conditions.<br \/>\nHowever, the development of this activity is also an art, and that is how the imprint that a landscaper gives a garden is different.<\/p>\n<p style=\"text-align: justify;\">Throughout history gardens have been evolving and distinguishing very different styles. Today, the landscaper revives this history and together the materials and technology that have undergone a great evolution they are now capable of building spaces that until now were unimaginable.<\/p>\n<p>[\/vc_column_text][\/vc_column][\/vc_row][vc_row][vc_column width=&#8221;1\/2&#8243;][vc_icon icon_linea=&#8221;icon-basic-pencil-ruler&#8221; css=&#8221;.vc_custom_1451475493826{margin-top: 0px !important;margin-bottom: -20px !important;}&#8221;][lab_heading title=&#8221;GARDEN DESIGN AND CONSTRUCTION&#8221; css=&#8221;.vc_custom_1451475615274{margin-top: 0px !important;margin-bottom: 0px !important;}&#8221;][\/lab_heading][vc_column_text]<\/p>\n<p style=\"text-align: justify;\">After analyzing the client&#8217;s preferences, a style is chosen that marks the course of action. The design covers an initial plan of the space that includes its zoning, by defining pathways, lounge areas, etc.<\/p>\n<p style=\"text-align: justify;\">Then the units to be executed are defined such as movements of land, walls, paths, plantations of large specimens, swimming pools, fountains, pergolas, sports courts, solariums, and everything related to home automation (automatic doors, exterior lighting, etc&#8230;).<\/p>\n<p style=\"text-align: justify;\">Finally, we study the vegetation to plant, which will be specified for your convenience.<\/p>\n<p style=\"text-align: justify;\">A landscaping project is delivered with a descriptive report of the work to be carried out, the quality of the materials, measurement units and a budget.<\/p>\n<p style=\"text-align: justify;\">This is followed by the construction of all the components that make up the exterior of the house, following a logical path in terms of time and budget.<\/p>\n<p>[\/vc_column_text][\/vc_column][vc_column width=&#8221;1\/2&#8243;][vc_single_image image=&#8221;913&#8243; img_size=&#8221;560&#215;392&#8243;][\/vc_column][\/vc_row][vc_row][vc_column width=&#8221;1\/2&#8243;][vc_single_image image=&#8221;914&#8243; img_size=&#8221;560&#215;392&#8243;][\/vc_column][vc_column width=&#8221;1\/2&#8243;][vc_icon icon_linea=&#8221;icon-basic-settings&#8221; css=&#8221;.vc_custom_1451475901018{margin-top: 0px !important;margin-bottom: -20px !important;}&#8221;][lab_heading title=&#8221;GARDEN MAINTENANCE&#8221; css=&#8221;.vc_custom_1451475917570{margin-top: 0px !important;margin-bottom: 0px !important;}&#8221;][\/lab_heading][vc_column_text]<\/p>\n<p style=\"text-align: justify;\">Once the garden has been completed a Maintenance Plan is provided with all the work to be carried out in order for the garden to flourish during the year and this is also a service available to the client.<\/p>\n<p>We only offer the service of maintenance for gardens that we have completely or partially designed and implemented.<\/p>\n<p>[\/vc_column_text][\/vc_column][\/vc_row][vc_row][vc_column width=&#8221;1\/2&#8243;][vc_icon icon_linea=&#8221;icon-basic-signs&#8221; css=&#8221;.vc_custom_1451476163511{margin-top: 0px !important;margin-bottom: -20px !important;}&#8221;][lab_heading title=&#8221;ADVICE SERVICE&#8221; css=&#8221;.vc_custom_1451476184864{margin-top: 0px !important;margin-bottom: 0px !important;}&#8221;][\/lab_heading][vc_column_text]<\/p>\n<p style=\"text-align: justify;\">We offer advice to private and public bodies in terms of improvements and maintenance of their current facilities.<\/p>\n<p>[\/vc_column_text][\/vc_column][vc_column width=&#8221;1\/2&#8243;][vc_single_image image=&#8221;912&#8243; img_size=&#8221;560&#215;392&#8243;][\/vc_column][\/vc_row]<\/p>\n<\/div>","protected":false},"excerpt":{"rendered":"<p>[vc_row][vc_column][lab_heading title=&#8221;SERVICES&#8221;][\/lab_heading][\/vc_column][\/vc_row][vc_row][vc_column width=&#8221;1\/2&#8243;][vc_single_image image=&#8221;915&#8243; img_size=&#8221;540&#215;392&#8243; onclick=&#8221;link_image&#8221;][\/vc_column][vc_column width=&#8221;1\/2&#8243;][vc_icon icon_linea=&#8221;icon-basic-picture&#8221; css=&#8221;.vc_custom_1451474325875{margin-top: 0px !important;margin-bottom: -20px !important;}&#8221;][lab_heading title=&#8221;LANDSCAPE GARDENING&#8221; css=&#8221;.vc_custom_1451474045670{margin-top: 0px !important;margin-bottom: 0px !important;}&#8221;][\/lab_heading][vc_column_text css=&#8221;.vc_custom_1451474725736{margin-top: 0px !important;margin-bottom: 0px !important;}&#8221;] Landscaping is perhaps one of the most unknown professions. It is nothing more than the study, planning and implementation of improvements in the environment, both at the public level, with&hellip;<\/p>\n","protected":false},"author":1,"featured_media":0,"parent":0,"menu_order":0,"comment_status":"closed","ping_status":"closed","template":"","meta":{"_acf_changed":false,"inline_featured_image":false,"footnotes":""},"class_list":["post-10","page","type-page","status-publish","hentry"],"acf":[],"yoast_head":"<!-- This site is optimized with the Yoast SEO plugin v24.9 - https:\/\/yoast.com\/wordpress\/plugins\/seo\/ -->\n<title>Servicios - Juan Jos\u00e9 Fernandez - Jardiner\u00eda - Paisajismo - Huelva<\/title>\n<meta name=\"description\" content=\"Servicios de paisajismo y jardiner\u00eda profesional en Huelva y Andaluc\u00eda. Juan Jos\u00e9 Fern\u00e1ndez. Paisajismo - Jardiner\u00eda - Mantenimiento - Asesoramiento\u00a0\" \/>\n<meta name=\"robots\" content=\"index, follow, max-snippet:-1, max-image-preview:large, max-video-preview:-1\" \/>\n<link rel=\"canonical\" href=\"https:\/\/juanjosefernandez.es\/en\/servicios\/\" \/>\n<meta property=\"og:locale\" content=\"en_US\" \/>\n<meta property=\"og:type\" content=\"article\" \/>\n<meta property=\"og:title\" content=\"Servicios - Juan Jos\u00e9 Fernandez - Jardiner\u00eda - Paisajismo - Huelva\" \/>\n<meta property=\"og:description\" content=\"Servicios de paisajismo y jardiner\u00eda profesional en Huelva y Andaluc\u00eda. Juan Jos\u00e9 Fern\u00e1ndez. Paisajismo - Jardiner\u00eda - Mantenimiento - Asesoramiento\u00a0\" \/>\n<meta property=\"og:url\" content=\"https:\/\/juanjosefernandez.es\/en\/servicios\/\" \/>\n<meta property=\"og:site_name\" content=\"juanjosefernandez\" \/>\n<meta property=\"article:modified_time\" content=\"2016-01-12T11:42:09+00:00\" \/>\n<meta name=\"twitter:card\" content=\"summary_large_image\" \/>\n<meta name=\"twitter:label1\" content=\"Est. reading time\" \/>\n\t<meta name=\"twitter:data1\" content=\"13 minutes\" \/>\n<script type=\"application\/ld+json\" class=\"yoast-schema-graph\">{\"@context\":\"https:\/\/schema.org\",\"@graph\":[{\"@type\":\"WebPage\",\"@id\":\"https:\/\/juanjosefernandez.es\/en\/servicios\/\",\"url\":\"https:\/\/juanjosefernandez.es\/en\/servicios\/\",\"name\":\"Servicios - Juan Jos\u00e9 Fernandez - Jardiner\u00eda - Paisajismo - Huelva\",\"isPartOf\":{\"@id\":\"https:\/\/juanjosefernandez.es\/en\/#website\"},\"datePublished\":\"2015-07-06T11:21:03+00:00\",\"dateModified\":\"2016-01-12T11:42:09+00:00\",\"description\":\"Servicios de paisajismo y jardiner\u00eda profesional en Huelva y Andaluc\u00eda. Juan Jos\u00e9 Fern\u00e1ndez. Paisajismo - Jardiner\u00eda - Mantenimiento - Asesoramiento\u00a0\",\"breadcrumb\":{\"@id\":\"https:\/\/juanjosefernandez.es\/en\/servicios\/#breadcrumb\"},\"inLanguage\":\"en-US\",\"potentialAction\":[{\"@type\":\"ReadAction\",\"target\":[[\"https:\/\/juanjosefernandez.es\/en\/servicios\/\"]]}]},{\"@type\":\"BreadcrumbList\",\"@id\":\"https:\/\/juanjosefernandez.es\/en\/servicios\/#breadcrumb\",\"itemListElement\":[{\"@type\":\"ListItem\",\"position\":1,\"name\":\"Portada\",\"item\":\"https:\/\/juanjosefernandez.es\/en\/\"},{\"@type\":\"ListItem\",\"position\":2,\"name\":\"Servicios\"}]},{\"@type\":\"WebSite\",\"@id\":\"https:\/\/juanjosefernandez.es\/en\/#website\",\"url\":\"https:\/\/juanjosefernandez.es\/en\/\",\"name\":\"juanjosefernandez\",\"description\":\"paisajista | landscaper\",\"publisher\":{\"@id\":\"https:\/\/juanjosefernandez.es\/en\/#\/schema\/person\/48b0547b9beac3e217ece751a4575600\"},\"potentialAction\":[{\"@type\":\"SearchAction\",\"target\":{\"@type\":\"EntryPoint\",\"urlTemplate\":\"https:\/\/juanjosefernandez.es\/en\/?s={search_term_string}\"},\"query-input\":{\"@type\":\"PropertyValueSpecification\",\"valueRequired\":true,\"valueName\":\"search_term_string\"}}],\"inLanguage\":\"en-US\"},{\"@type\":[\"Person\",\"Organization\"],\"@id\":\"https:\/\/juanjosefernandez.es\/en\/#\/schema\/person\/48b0547b9beac3e217ece751a4575600\",\"name\":\"juanjosefernandez\",\"image\":{\"@type\":\"ImageObject\",\"inLanguage\":\"en-US\",\"@id\":\"https:\/\/juanjosefernandez.es\/en\/#\/schema\/person\/image\/\",\"url\":\"https:\/\/juanjosefernandez.es\/wp-content\/uploads\/2015\/07\/jj-simbolo2.png\",\"contentUrl\":\"https:\/\/juanjosefernandez.es\/wp-content\/uploads\/2015\/07\/jj-simbolo2.png\",\"width\":198,\"height\":198,\"caption\":\"juanjosefernandez\"},\"logo\":{\"@id\":\"https:\/\/juanjosefernandez.es\/en\/#\/schema\/person\/image\/\"}}]}<\/script>\n<!-- \/ Yoast SEO plugin. -->","yoast_head_json":{"title":"Servicios - Juan Jos\u00e9 Fernandez - Jardiner\u00eda - Paisajismo - Huelva","description":"Servicios de paisajismo y jardiner\u00eda profesional en Huelva y Andaluc\u00eda. Juan Jos\u00e9 Fern\u00e1ndez. Paisajismo - Jardiner\u00eda - Mantenimiento - Asesoramiento\u00a0","robots":{"index":"index","follow":"follow","max-snippet":"max-snippet:-1","max-image-preview":"max-image-preview:large","max-video-preview":"max-video-preview:-1"},"canonical":"https:\/\/juanjosefernandez.es\/en\/servicios\/","og_locale":"en_US","og_type":"article","og_title":"Servicios - Juan Jos\u00e9 Fernandez - Jardiner\u00eda - Paisajismo - Huelva","og_description":"Servicios de paisajismo y jardiner\u00eda profesional en Huelva y Andaluc\u00eda. Juan Jos\u00e9 Fern\u00e1ndez. Paisajismo - Jardiner\u00eda - Mantenimiento - Asesoramiento\u00a0","og_url":"https:\/\/juanjosefernandez.es\/en\/servicios\/","og_site_name":"juanjosefernandez","article_modified_time":"2016-01-12T11:42:09+00:00","twitter_card":"summary_large_image","twitter_misc":{"Est. reading time":"13 minutes"},"schema":{"@context":"https:\/\/schema.org","@graph":[{"@type":"WebPage","@id":"https:\/\/juanjosefernandez.es\/en\/servicios\/","url":"https:\/\/juanjosefernandez.es\/en\/servicios\/","name":"Servicios - Juan Jos\u00e9 Fernandez - Jardiner\u00eda - Paisajismo - Huelva","isPartOf":{"@id":"https:\/\/juanjosefernandez.es\/en\/#website"},"datePublished":"2015-07-06T11:21:03+00:00","dateModified":"2016-01-12T11:42:09+00:00","description":"Servicios de paisajismo y jardiner\u00eda profesional en Huelva y Andaluc\u00eda. Juan Jos\u00e9 Fern\u00e1ndez. Paisajismo - Jardiner\u00eda - Mantenimiento - Asesoramiento\u00a0","breadcrumb":{"@id":"https:\/\/juanjosefernandez.es\/en\/servicios\/#breadcrumb"},"inLanguage":"en-US","potentialAction":[{"@type":"ReadAction","target":[["https:\/\/juanjosefernandez.es\/en\/servicios\/"]]}]},{"@type":"BreadcrumbList","@id":"https:\/\/juanjosefernandez.es\/en\/servicios\/#breadcrumb","itemListElement":[{"@type":"ListItem","position":1,"name":"Portada","item":"https:\/\/juanjosefernandez.es\/en\/"},{"@type":"ListItem","position":2,"name":"Servicios"}]},{"@type":"WebSite","@id":"https:\/\/juanjosefernandez.es\/en\/#website","url":"https:\/\/juanjosefernandez.es\/en\/","name":"juanjosefernandez","description":"paisajista | landscaper","publisher":{"@id":"https:\/\/juanjosefernandez.es\/en\/#\/schema\/person\/48b0547b9beac3e217ece751a4575600"},"potentialAction":[{"@type":"SearchAction","target":{"@type":"EntryPoint","urlTemplate":"https:\/\/juanjosefernandez.es\/en\/?s={search_term_string}"},"query-input":{"@type":"PropertyValueSpecification","valueRequired":true,"valueName":"search_term_string"}}],"inLanguage":"en-US"},{"@type":["Person","Organization"],"@id":"https:\/\/juanjosefernandez.es\/en\/#\/schema\/person\/48b0547b9beac3e217ece751a4575600","name":"juanjosefernandez","image":{"@type":"ImageObject","inLanguage":"en-US","@id":"https:\/\/juanjosefernandez.es\/en\/#\/schema\/person\/image\/","url":"https:\/\/juanjosefernandez.es\/wp-content\/uploads\/2015\/07\/jj-simbolo2.png","contentUrl":"https:\/\/juanjosefernandez.es\/wp-content\/uploads\/2015\/07\/jj-simbolo2.png","width":198,"height":198,"caption":"juanjosefernandez"},"logo":{"@id":"https:\/\/juanjosefernandez.es\/en\/#\/schema\/person\/image\/"}}]}},"_links":{"self":[{"href":"https:\/\/juanjosefernandez.es\/en\/wp-json\/wp\/v2\/pages\/10"}],"collection":[{"href":"https:\/\/juanjosefernandez.es\/en\/wp-json\/wp\/v2\/pages"}],"about":[{"href":"https:\/\/juanjosefernandez.es\/en\/wp-json\/wp\/v2\/types\/page"}],"author":[{"embeddable":true,"href":"https:\/\/juanjosefernandez.es\/en\/wp-json\/wp\/v2\/users\/1"}],"replies":[{"embeddable":true,"href":"https:\/\/juanjosefernandez.es\/en\/wp-json\/wp\/v2\/comments?post=10"}],"version-history":[{"count":63,"href":"https:\/\/juanjosefernandez.es\/en\/wp-json\/wp\/v2\/pages\/10\/revisions"}],"predecessor-version":[{"id":1125,"href":"https:\/\/juanjosefernandez.es\/en\/wp-json\/wp\/v2\/pages\/10\/revisions\/1125"}],"wp:attachment":[{"href":"https:\/\/juanjosefernandez.es\/en\/wp-json\/wp\/v2\/media?parent=10"}],"curies":[{"name":"wp","href":"https:\/\/api.w.org\/{rel}","templated":true}]}}